{"id":3848,"date":"2016-02-25T16:40:56","date_gmt":"2016-02-25T16:40:56","guid":{"rendered":"http:\/\/www.misdetallesdeboda.com\/detalles\/producto\/salero-y-pimentero-de-ceramica-delfines\/"},"modified":"2019-01-23T18:38:16","modified_gmt":"2019-01-23T18:38:16","slug":"salero-y-pimentero-de-ceramica-delfines","status":"publish","type":"product","link":"https:\/\/www.misdetallesdeboda.com\/detalles\/producto\/salero-y-pimentero-de-ceramica-delfines\/","title":{"rendered":"Monedero frases Universo"},"content":{"rendered":"<p>Monederito con frases motivadoras, sobre dise\u00f1os de galaxias. Un detalle pr\u00e1ctico y original que te enamorar\u00e1.<\/p>\n<p>Dise\u00f1o impreso a dos caras.<\/p>\n<p>Se sirve sutido en 3 frases.<\/p>\n<p>Medidas: 11 x 8,2 cm<\/p>\n<p>Presentado en bolsita de celof\u00e1n transparente de protecci\u00f3n.<\/p>\n<p>Sugerencia: llenalo de bombones o  caramelos para un detalle a\u00fan m\u00e1s dulce<\/p>\n<p>Pedido minimo 10 unidades<\/p>\n","protected":false},"excerpt":{"rendered":"<p>Monederito con frases motivadoras, sobre dise\u00f1os de galaxias. Un detalle pr\u00e1ctico y original que te enamorar\u00e1. Dise\u00f1o impreso a dos caras. Se sirve sutido en 3 frases. Medidas: 11 x 8,2 cm Presentado en bolsita [&hellip;]<\/p>\n","protected":false},"featured_media":9934,"template":"","meta":[],"product_brand":[],"product_cat":[68],"product_tag":[286],"class_list":{"0":"post-3848","1":"product","2":"type-product","3":"status-publish","4":"has-post-thumbnail","6":"product_cat-monederos_billeteros","7":"product_tag-tematica-universo","8":"clearfix","10":"first","11":"instock","12":"shipping-taxable","13":"purchasable","14":"product-type-simple"},"_links":{"self":[{"href":"https:\/\/www.misdetallesdeboda.com\/detalles\/wp-json\/wp\/v2\/product\/3848","targetHints":{"allow":["GET"]}}],"collection":[{"href":"https:\/\/www.misdetallesdeboda.com\/detalles\/wp-json\/wp\/v2\/product"}],"about":[{"href":"https:\/\/www.misdetallesdeboda.com\/detalles\/wp-json\/wp\/v2\/types\/product"}],"wp:featuredmedia":[{"embeddable":true,"href":"https:\/\/www.misdetallesdeboda.com\/detalles\/wp-json\/wp\/v2\/media\/9934"}],"wp:attachment":[{"href":"https:\/\/www.misdetallesdeboda.com\/detalles\/wp-json\/wp\/v2\/media?parent=3848"}],"wp:term":[{"taxonomy":"product_brand","embeddable":true,"href":"https:\/\/www.misdetallesdeboda.com\/detalles\/wp-json\/wp\/v2\/product_brand?post=3848"},{"taxonomy":"product_cat","embeddable":true,"href":"https:\/\/www.misdetallesdeboda.com\/detalles\/wp-json\/wp\/v2\/product_cat?post=3848"},{"taxonomy":"product_tag","embeddable":true,"href":"https:\/\/www.misdetallesdeboda.com\/detalles\/wp-json\/wp\/v2\/product_tag?post=3848"}],"curies":[{"name":"wp","href":"https:\/\/api.w.org\/{rel}","templated":true}]}}