{"id":3829,"date":"2016-02-25T09:00:17","date_gmt":"2016-02-25T09:00:17","guid":{"rendered":"http:\/\/www.misdetallesdeboda.com\/detalles\/?post_type=product&#038;p=3829"},"modified":"2019-01-20T17:15:20","modified_gmt":"2019-01-20T17:15:20","slug":"figura-para-tarta-comunion","status":"publish","type":"product","link":"https:\/\/www.misdetallesdeboda.com\/detalles\/producto\/figura-para-tarta-comunion\/","title":{"rendered":"Figura para tarta de comuni\u00f3n ni\u00f1a"},"content":{"rendered":"<div id=\"more_info_sheets\" class=\"sheets align_justify\">\n<div id=\"idTab1\" class=\"rte\">\n<p>FIGURA PASTEL COMUNI\u00d3N NI\u00d1A LIBRO<\/p>\n<p>Medidas: 16cm<\/p>\n<p>Preciosa ni\u00f1a con vestido blanco, una flor y un libro en las manos<\/p>\n<\/div>\n<\/div>\n","protected":false},"excerpt":{"rendered":"<p>FIGURA PASTEL COMUNI\u00d3N NI\u00d1A LIBRO Medidas: 16cm Preciosa ni\u00f1a con vestido blanco, una flor y un libro en las manos<\/p>\n","protected":false},"featured_media":9889,"template":"","meta":[],"product_brand":[],"product_cat":[72],"product_tag":[],"class_list":{"0":"post-3829","1":"product","2":"type-product","3":"status-publish","4":"has-post-thumbnail","6":"product_cat-figuras","7":"clearfix","9":"first","10":"instock","11":"shipping-taxable","12":"purchasable","13":"product-type-simple"},"_links":{"self":[{"href":"https:\/\/www.misdetallesdeboda.com\/detalles\/wp-json\/wp\/v2\/product\/3829","targetHints":{"allow":["GET"]}}],"collection":[{"href":"https:\/\/www.misdetallesdeboda.com\/detalles\/wp-json\/wp\/v2\/product"}],"about":[{"href":"https:\/\/www.misdetallesdeboda.com\/detalles\/wp-json\/wp\/v2\/types\/product"}],"wp:featuredmedia":[{"embeddable":true,"href":"https:\/\/www.misdetallesdeboda.com\/detalles\/wp-json\/wp\/v2\/media\/9889"}],"wp:attachment":[{"href":"https:\/\/www.misdetallesdeboda.com\/detalles\/wp-json\/wp\/v2\/media?parent=3829"}],"wp:term":[{"taxonomy":"product_brand","embeddable":true,"href":"https:\/\/www.misdetallesdeboda.com\/detalles\/wp-json\/wp\/v2\/product_brand?post=3829"},{"taxonomy":"product_cat","embeddable":true,"href":"https:\/\/www.misdetallesdeboda.com\/detalles\/wp-json\/wp\/v2\/product_cat?post=3829"},{"taxonomy":"product_tag","embeddable":true,"href":"https:\/\/www.misdetallesdeboda.com\/detalles\/wp-json\/wp\/v2\/product_tag?post=3829"}],"curies":[{"name":"wp","href":"https:\/\/api.w.org\/{rel}","templated":true}]}}