{"id":3823,"date":"2016-02-25T08:54:11","date_gmt":"2016-02-25T08:54:11","guid":{"rendered":"http:\/\/www.misdetallesdeboda.com\/detalles\/?post_type=product&#038;p=3823"},"modified":"2019-01-20T17:04:12","modified_gmt":"2019-01-20T17:04:12","slug":"figura-para-pastel-boda-original","status":"publish","type":"product","link":"https:\/\/www.misdetallesdeboda.com\/detalles\/producto\/figura-para-pastel-boda-original\/","title":{"rendered":"Figura para pastel novios Arbol"},"content":{"rendered":"<div id=\"more_info_sheets\" class=\"sheets align_justify\">\n<div id=\"idTab1\" class=\"rte\">\n<p>FIGURA PASTEL NOVIOS \u00c1RBOL<\/p>\n<p>Figura de pastel resina para bodas con detalle met\u00e1lico en forma de \u00e1rbol.<\/p>\n<p>Contiene un iman en forma de dos corazones rojos, el cual podre\u00eds desplazar a lo largo del \u00e1rbol de metal.<\/p>\n<p>Medidas:\u00a021,5cm altura \u00e1rbol.<\/p>\n<p>Base: 16,5cm x 9cm<\/p>\n<p>Altura novia: 16,5cm<\/p>\n<p>Altura novio: 12,5cm<\/p>\n<\/div>\n<\/div>\n","protected":false},"excerpt":{"rendered":"<p>FIGURA PASTEL NOVIOS \u00c1RBOL Figura de pastel resina para bodas con detalle met\u00e1lico en forma de \u00e1rbol. Contiene un iman en forma de dos corazones rojos, el cual podre\u00eds desplazar a lo largo del \u00e1rbol [&hellip;]<\/p>\n","protected":false},"featured_media":9883,"template":"","meta":[],"product_brand":[],"product_cat":[72],"product_tag":[],"class_list":{"0":"post-3823","1":"product","2":"type-product","3":"status-publish","4":"has-post-thumbnail","6":"product_cat-figuras","7":"clearfix","9":"first","10":"instock","11":"shipping-taxable","12":"purchasable","13":"product-type-simple"},"_links":{"self":[{"href":"https:\/\/www.misdetallesdeboda.com\/detalles\/wp-json\/wp\/v2\/product\/3823","targetHints":{"allow":["GET"]}}],"collection":[{"href":"https:\/\/www.misdetallesdeboda.com\/detalles\/wp-json\/wp\/v2\/product"}],"about":[{"href":"https:\/\/www.misdetallesdeboda.com\/detalles\/wp-json\/wp\/v2\/types\/product"}],"wp:featuredmedia":[{"embeddable":true,"href":"https:\/\/www.misdetallesdeboda.com\/detalles\/wp-json\/wp\/v2\/media\/9883"}],"wp:attachment":[{"href":"https:\/\/www.misdetallesdeboda.com\/detalles\/wp-json\/wp\/v2\/media?parent=3823"}],"wp:term":[{"taxonomy":"product_brand","embeddable":true,"href":"https:\/\/www.misdetallesdeboda.com\/detalles\/wp-json\/wp\/v2\/product_brand?post=3823"},{"taxonomy":"product_cat","embeddable":true,"href":"https:\/\/www.misdetallesdeboda.com\/detalles\/wp-json\/wp\/v2\/product_cat?post=3823"},{"taxonomy":"product_tag","embeddable":true,"href":"https:\/\/www.misdetallesdeboda.com\/detalles\/wp-json\/wp\/v2\/product_tag?post=3823"}],"curies":[{"name":"wp","href":"https:\/\/api.w.org\/{rel}","templated":true}]}}