{"id":3814,"date":"2016-02-24T15:33:53","date_gmt":"2016-02-24T15:33:53","guid":{"rendered":"http:\/\/www.misdetallesdeboda.com\/detalles\/producto\/boligrafo-tren-ave\/"},"modified":"2023-03-21T18:02:42","modified_gmt":"2023-03-21T18:02:42","slug":"bombones-recuerdo-comunion","status":"publish","type":"product","link":"https:\/\/www.misdetallesdeboda.com\/detalles\/producto\/bombones-recuerdo-comunion\/","title":{"rendered":"Recuerdo original comuni\u00f3n pulsera con choco"},"content":{"rendered":"<p>Caja con 2 napolitanas de chocolate m\u00e1s pulsera para recuerdo de comuni\u00f3n<\/p>\n<p>Esta pulsera de madera con cruz surtidos en tres colores es un regalo muy adecuado para la ni\u00f1a que hace su Primera Comuni\u00f3n y un gran detalle para sus amigas.<\/p>\n<p>El el\u00e1stico que une las cuentas de madera aporta comodidad y facilidad para pon\u00e9rlas.<\/p>\n<p>Pedido m\u00ednimo 10 unidades<\/p>\n<p>Precio no incluye grabaci\u00f3n personalizada de las cajitas<\/p>\n","protected":false},"excerpt":{"rendered":"<p>Caja con 2 napolitanas de chocolate m\u00e1s pulsera para recuerdo de comuni\u00f3n Esta pulsera de madera con cruz surtidos en tres colores es un regalo muy adecuado para la ni\u00f1a que hace su Primera Comuni\u00f3n [&hellip;]<\/p>\n","protected":false},"featured_media":9613,"template":"","meta":[],"product_brand":[],"product_cat":[25,42],"product_tag":[165],"class_list":{"0":"post-3814","1":"product","2":"type-product","3":"status-publish","4":"has-post-thumbnail","6":"product_cat-bombones","7":"product_cat-comunion","8":"product_tag-comunion-nina","9":"clearfix","11":"first","12":"outofstock","13":"shipping-taxable","14":"purchasable","15":"product-type-simple"},"_links":{"self":[{"href":"https:\/\/www.misdetallesdeboda.com\/detalles\/wp-json\/wp\/v2\/product\/3814","targetHints":{"allow":["GET"]}}],"collection":[{"href":"https:\/\/www.misdetallesdeboda.com\/detalles\/wp-json\/wp\/v2\/product"}],"about":[{"href":"https:\/\/www.misdetallesdeboda.com\/detalles\/wp-json\/wp\/v2\/types\/product"}],"wp:featuredmedia":[{"embeddable":true,"href":"https:\/\/www.misdetallesdeboda.com\/detalles\/wp-json\/wp\/v2\/media\/9613"}],"wp:attachment":[{"href":"https:\/\/www.misdetallesdeboda.com\/detalles\/wp-json\/wp\/v2\/media?parent=3814"}],"wp:term":[{"taxonomy":"product_brand","embeddable":true,"href":"https:\/\/www.misdetallesdeboda.com\/detalles\/wp-json\/wp\/v2\/product_brand?post=3814"},{"taxonomy":"product_cat","embeddable":true,"href":"https:\/\/www.misdetallesdeboda.com\/detalles\/wp-json\/wp\/v2\/product_cat?post=3814"},{"taxonomy":"product_tag","embeddable":true,"href":"https:\/\/www.misdetallesdeboda.com\/detalles\/wp-json\/wp\/v2\/product_tag?post=3814"}],"curies":[{"name":"wp","href":"https:\/\/api.w.org\/{rel}","templated":true}]}}