{"id":3761,"date":"2016-02-22T22:31:35","date_gmt":"2016-02-22T22:31:35","guid":{"rendered":"http:\/\/www.misdetallesdeboda.com\/detalles\/?post_type=product&#038;p=3761"},"modified":"2023-10-16T10:34:31","modified_gmt":"2023-10-16T10:34:31","slug":"pinza-de-madera-comunion-nina","status":"publish","type":"product","link":"https:\/\/www.misdetallesdeboda.com\/detalles\/producto\/pinza-de-madera-comunion-nina\/","title":{"rendered":"Billetero monedero masculino"},"content":{"rendered":"<p>Original monedero-billetero para hombre. Est\u00e1 confeccionada en piel de imitaci\u00f3n y presenta en la parte delantera 3 anillas para llaves<\/p>\n<p>CARACTER\u00cdSTICAS:<\/p>\n<p>Dimensiones: 11.5 x 8cm<\/p>\n<p>Varias secciones para tarjetas y fotos<\/p>\n<p>Compartimento para notas en el interior<\/p>\n<p>Se sirve surtido en color AZUL, MOSTAZA, VERDE Y NEGRO<br \/>\nPedido m\u00ednimo 10 unidades<\/p>\n","protected":false},"excerpt":{"rendered":"<p>Original monedero-billetero para hombre. Est\u00e1 confeccionada en piel de imitaci\u00f3n y presenta en la parte delantera 3 anillas para llaves CARACTER\u00cdSTICAS: Dimensiones: 11.5 x 8cm Varias secciones para tarjetas y fotos Compartimento para notas en [&hellip;]<\/p>\n","protected":false},"featured_media":3871,"template":"","meta":[],"product_brand":[],"product_cat":[37,68],"product_tag":[],"class_list":{"0":"post-3761","1":"product","2":"type-product","3":"status-publish","4":"has-post-thumbnail","6":"product_cat-recuerdos_caballeros","7":"product_cat-monederos_billeteros","8":"clearfix","10":"first","11":"outofstock","12":"shipping-taxable","13":"purchasable","14":"product-type-simple"},"_links":{"self":[{"href":"https:\/\/www.misdetallesdeboda.com\/detalles\/wp-json\/wp\/v2\/product\/3761","targetHints":{"allow":["GET"]}}],"collection":[{"href":"https:\/\/www.misdetallesdeboda.com\/detalles\/wp-json\/wp\/v2\/product"}],"about":[{"href":"https:\/\/www.misdetallesdeboda.com\/detalles\/wp-json\/wp\/v2\/types\/product"}],"wp:featuredmedia":[{"embeddable":true,"href":"https:\/\/www.misdetallesdeboda.com\/detalles\/wp-json\/wp\/v2\/media\/3871"}],"wp:attachment":[{"href":"https:\/\/www.misdetallesdeboda.com\/detalles\/wp-json\/wp\/v2\/media?parent=3761"}],"wp:term":[{"taxonomy":"product_brand","embeddable":true,"href":"https:\/\/www.misdetallesdeboda.com\/detalles\/wp-json\/wp\/v2\/product_brand?post=3761"},{"taxonomy":"product_cat","embeddable":true,"href":"https:\/\/www.misdetallesdeboda.com\/detalles\/wp-json\/wp\/v2\/product_cat?post=3761"},{"taxonomy":"product_tag","embeddable":true,"href":"https:\/\/www.misdetallesdeboda.com\/detalles\/wp-json\/wp\/v2\/product_tag?post=3761"}],"curies":[{"name":"wp","href":"https:\/\/api.w.org\/{rel}","templated":true}]}}