{"id":3748,"date":"2016-02-22T22:05:04","date_gmt":"2016-02-22T22:05:04","guid":{"rendered":"http:\/\/www.misdetallesdeboda.com\/detalles\/producto\/expositor-decorado-mariposa-12-cajitas\/"},"modified":"2019-03-11T19:47:05","modified_gmt":"2019-03-11T19:47:05","slug":"expositor-decorado-mariposa-12-cajitas","status":"publish","type":"product","link":"https:\/\/www.misdetallesdeboda.com\/detalles\/producto\/expositor-decorado-mariposa-12-cajitas\/","title":{"rendered":"Expositor lunares azul o rosa"},"content":{"rendered":"<p>Expositor de cart\u00f3n 3 alturas con lunares azul o rosa.<br \/>\nIdeal para decoraci\u00f3n de comuni\u00f3n, cumplea\u00f1os o bautizo.<\/p>\n","protected":false},"excerpt":{"rendered":"<p>Expositor de cart\u00f3n 3 alturas con lunares azul o rosa. Ideal para decoraci\u00f3n de comuni\u00f3n, cumplea\u00f1os o bautizo.<\/p>\n","protected":false},"featured_media":9998,"template":"","meta":[],"product_brand":[],"product_cat":[47],"product_tag":[],"class_list":{"0":"post-3748","1":"product","2":"type-product","3":"status-publish","4":"has-post-thumbnail","6":"product_cat-expositores","7":"clearfix","9":"first","10":"instock","11":"shipping-taxable","12":"purchasable","13":"product-type-variable"},"_links":{"self":[{"href":"https:\/\/www.misdetallesdeboda.com\/detalles\/wp-json\/wp\/v2\/product\/3748","targetHints":{"allow":["GET"]}}],"collection":[{"href":"https:\/\/www.misdetallesdeboda.com\/detalles\/wp-json\/wp\/v2\/product"}],"about":[{"href":"https:\/\/www.misdetallesdeboda.com\/detalles\/wp-json\/wp\/v2\/types\/product"}],"wp:featuredmedia":[{"embeddable":true,"href":"https:\/\/www.misdetallesdeboda.com\/detalles\/wp-json\/wp\/v2\/media\/9998"}],"wp:attachment":[{"href":"https:\/\/www.misdetallesdeboda.com\/detalles\/wp-json\/wp\/v2\/media?parent=3748"}],"wp:term":[{"taxonomy":"product_brand","embeddable":true,"href":"https:\/\/www.misdetallesdeboda.com\/detalles\/wp-json\/wp\/v2\/product_brand?post=3748"},{"taxonomy":"product_cat","embeddable":true,"href":"https:\/\/www.misdetallesdeboda.com\/detalles\/wp-json\/wp\/v2\/product_cat?post=3748"},{"taxonomy":"product_tag","embeddable":true,"href":"https:\/\/www.misdetallesdeboda.com\/detalles\/wp-json\/wp\/v2\/product_tag?post=3748"}],"curies":[{"name":"wp","href":"https:\/\/api.w.org\/{rel}","templated":true}]}}