{"id":3734,"date":"2016-02-22T21:44:49","date_gmt":"2016-02-22T21:44:49","guid":{"rendered":"http:\/\/www.misdetallesdeboda.com\/detalles\/?post_type=product&#038;p=3734"},"modified":"2023-03-06T18:21:43","modified_gmt":"2023-03-06T18:21:43","slug":"alfiler-novia-lazo-plateado","status":"publish","type":"product","link":"https:\/\/www.misdetallesdeboda.com\/detalles\/producto\/alfiler-novia-lazo-plateado\/","title":{"rendered":"Alfiler de novia granada partida con capuch\u00f3n"},"content":{"rendered":"<p>Bonito alfiler de novia de metal plateado con tap\u00f3n para recuerdo de boda regalo de invitados<\/p>\n<p>El alfiler es en forma de lazo con piedrecitas de colores<\/p>\n<p>Acompa\u00f1a capuch\u00f3n para la punta<\/p>\n<p>Pedido m\u00ednimo 10 unidades<\/p>\n","protected":false},"excerpt":{"rendered":"<p>Bonito alfiler de novia de metal plateado con tap\u00f3n para recuerdo de boda regalo de invitados El alfiler es en forma de lazo con piedrecitas de colores Acompa\u00f1a capuch\u00f3n para la punta Pedido m\u00ednimo 10 [&hellip;]<\/p>\n","protected":false},"featured_media":7941,"template":"","meta":[],"product_brand":[],"product_cat":[60],"product_tag":[],"class_list":{"0":"post-3734","1":"product","2":"type-product","3":"status-publish","4":"has-post-thumbnail","6":"product_cat-alfiler_novia","7":"clearfix","9":"first","10":"outofstock","11":"shipping-taxable","12":"purchasable","13":"product-type-simple"},"_links":{"self":[{"href":"https:\/\/www.misdetallesdeboda.com\/detalles\/wp-json\/wp\/v2\/product\/3734","targetHints":{"allow":["GET"]}}],"collection":[{"href":"https:\/\/www.misdetallesdeboda.com\/detalles\/wp-json\/wp\/v2\/product"}],"about":[{"href":"https:\/\/www.misdetallesdeboda.com\/detalles\/wp-json\/wp\/v2\/types\/product"}],"wp:featuredmedia":[{"embeddable":true,"href":"https:\/\/www.misdetallesdeboda.com\/detalles\/wp-json\/wp\/v2\/media\/7941"}],"wp:attachment":[{"href":"https:\/\/www.misdetallesdeboda.com\/detalles\/wp-json\/wp\/v2\/media?parent=3734"}],"wp:term":[{"taxonomy":"product_brand","embeddable":true,"href":"https:\/\/www.misdetallesdeboda.com\/detalles\/wp-json\/wp\/v2\/product_brand?post=3734"},{"taxonomy":"product_cat","embeddable":true,"href":"https:\/\/www.misdetallesdeboda.com\/detalles\/wp-json\/wp\/v2\/product_cat?post=3734"},{"taxonomy":"product_tag","embeddable":true,"href":"https:\/\/www.misdetallesdeboda.com\/detalles\/wp-json\/wp\/v2\/product_tag?post=3734"}],"curies":[{"name":"wp","href":"https:\/\/api.w.org\/{rel}","templated":true}]}}