{"id":3728,"date":"2016-02-22T21:38:16","date_gmt":"2016-02-22T21:38:16","guid":{"rendered":"http:\/\/www.misdetallesdeboda.com\/detalles\/?post_type=product&#038;p=3728"},"modified":"2023-03-06T18:21:43","modified_gmt":"2023-03-06T18:21:43","slug":"cesta-puntilla-con-107-alfiler-flor","status":"publish","type":"product","link":"https:\/\/www.misdetallesdeboda.com\/detalles\/producto\/cesta-puntilla-con-107-alfiler-flor\/","title":{"rendered":"Alfiler de novia girasol amarillo"},"content":{"rendered":"<p>Alfiler de novia girasol<\/p>\n<p>Pedido m\u00ednimo 20 unidades<\/p>\n<p>Acompa\u00f1a capuch\u00f3n para la punta<\/p>\n","protected":false},"excerpt":{"rendered":"<p>Alfiler de novia girasol Pedido m\u00ednimo 20 unidades Acompa\u00f1a capuch\u00f3n para la punta<\/p>\n","protected":false},"featured_media":5573,"template":"","meta":[],"product_brand":[],"product_cat":[60],"product_tag":[219],"class_list":{"0":"post-3728","1":"product","2":"type-product","3":"status-publish","4":"has-post-thumbnail","6":"product_cat-alfiler_novia","7":"product_tag-boda-color-amarillo","8":"clearfix","10":"first","11":"outofstock","12":"shipping-taxable","13":"purchasable","14":"product-type-simple"},"_links":{"self":[{"href":"https:\/\/www.misdetallesdeboda.com\/detalles\/wp-json\/wp\/v2\/product\/3728","targetHints":{"allow":["GET"]}}],"collection":[{"href":"https:\/\/www.misdetallesdeboda.com\/detalles\/wp-json\/wp\/v2\/product"}],"about":[{"href":"https:\/\/www.misdetallesdeboda.com\/detalles\/wp-json\/wp\/v2\/types\/product"}],"wp:featuredmedia":[{"embeddable":true,"href":"https:\/\/www.misdetallesdeboda.com\/detalles\/wp-json\/wp\/v2\/media\/5573"}],"wp:attachment":[{"href":"https:\/\/www.misdetallesdeboda.com\/detalles\/wp-json\/wp\/v2\/media?parent=3728"}],"wp:term":[{"taxonomy":"product_brand","embeddable":true,"href":"https:\/\/www.misdetallesdeboda.com\/detalles\/wp-json\/wp\/v2\/product_brand?post=3728"},{"taxonomy":"product_cat","embeddable":true,"href":"https:\/\/www.misdetallesdeboda.com\/detalles\/wp-json\/wp\/v2\/product_cat?post=3728"},{"taxonomy":"product_tag","embeddable":true,"href":"https:\/\/www.misdetallesdeboda.com\/detalles\/wp-json\/wp\/v2\/product_tag?post=3728"}],"curies":[{"name":"wp","href":"https:\/\/api.w.org\/{rel}","templated":true}]}}