{"id":3696,"date":"2016-02-21T11:57:51","date_gmt":"2016-02-21T11:57:51","guid":{"rendered":"http:\/\/www.misdetallesdeboda.com\/detalles\/producto\/caja-metalica-set-vino\/"},"modified":"2019-02-09T10:41:30","modified_gmt":"2019-02-09T10:41:30","slug":"caja-metalica-set-vino","status":"publish","type":"product","link":"https:\/\/www.misdetallesdeboda.com\/detalles\/producto\/caja-metalica-set-vino\/","title":{"rendered":"Set vino union de corazones"},"content":{"rendered":"<p>\u00bfQu\u00e9 mejor manera de conmemorar la uni\u00f3n de dos corazones? Agradece a tus invitados con estilo, regalando este pr\u00e1ctico set de vino compuesto por 2 piezas de metal y de alta calidad. El set est\u00e1 compuesto por un tap\u00f3n para botellas y sacacorchos con forma de coraz\u00f3n, presentados en eleganta cajita de regalo con base de terciopelo y parte superior transparente con el dibujo de los novios. El estuche de regalo, tamb\u00eden incluye lazo de organza blanco, y tarjetita con forma de coraz\u00f3n.<\/p>\n<p>Tanto el tap\u00f3n de vino, como el sacacorchos tienen la parte superior extra\u00edble, permitiendo desenroscar cada uno de sus respectivas bases para una f\u00e1cil limpieza. Cada uno est\u00e1 hecha de metal s\u00f3lido. El tap\u00f3n para botella tiene anillos de goma, para un encaje perfecto en cualquier tama\u00f1o de botella.<\/p>\n<p>Un aut\u00e9ntico regalo original para el d\u00eda de tu boda. PRESENTADO EN CAJITA DE REGALO Y CON TARJETA INCLUIDA tal como muestra la fotograf\u00eda.<\/p>\n<p>Medidas set: 17 x 12 cm<\/p>\n<p>*Las tarjetas se entregan sin imprimir<br \/>\nPedido m\u00ednimo 10 unidades<\/p>\n","protected":false},"excerpt":{"rendered":"<p>\u00bfQu\u00e9 mejor manera de conmemorar la uni\u00f3n de dos corazones? Agradece a tus invitados con estilo, regalando este pr\u00e1ctico set de vino compuesto por 2 piezas de metal y de alta calidad. El set est\u00e1 [&hellip;]<\/p>\n","protected":false},"featured_media":7354,"template":"","meta":[],"product_brand":[],"product_cat":[37,39,28],"product_tag":[],"class_list":{"0":"post-3696","1":"product","2":"type-product","3":"status-publish","4":"has-post-thumbnail","6":"product_cat-recuerdos_caballeros","7":"product_cat-regalosoriginales","8":"product_cat-vinos","9":"clearfix","11":"first","12":"instock","13":"shipping-taxable","14":"purchasable","15":"product-type-simple"},"_links":{"self":[{"href":"https:\/\/www.misdetallesdeboda.com\/detalles\/wp-json\/wp\/v2\/product\/3696","targetHints":{"allow":["GET"]}}],"collection":[{"href":"https:\/\/www.misdetallesdeboda.com\/detalles\/wp-json\/wp\/v2\/product"}],"about":[{"href":"https:\/\/www.misdetallesdeboda.com\/detalles\/wp-json\/wp\/v2\/types\/product"}],"wp:featuredmedia":[{"embeddable":true,"href":"https:\/\/www.misdetallesdeboda.com\/detalles\/wp-json\/wp\/v2\/media\/7354"}],"wp:attachment":[{"href":"https:\/\/www.misdetallesdeboda.com\/detalles\/wp-json\/wp\/v2\/media?parent=3696"}],"wp:term":[{"taxonomy":"product_brand","embeddable":true,"href":"https:\/\/www.misdetallesdeboda.com\/detalles\/wp-json\/wp\/v2\/product_brand?post=3696"},{"taxonomy":"product_cat","embeddable":true,"href":"https:\/\/www.misdetallesdeboda.com\/detalles\/wp-json\/wp\/v2\/product_cat?post=3696"},{"taxonomy":"product_tag","embeddable":true,"href":"https:\/\/www.misdetallesdeboda.com\/detalles\/wp-json\/wp\/v2\/product_tag?post=3696"}],"curies":[{"name":"wp","href":"https:\/\/api.w.org\/{rel}","templated":true}]}}