{"id":3660,"date":"2016-02-19T21:17:48","date_gmt":"2016-02-19T21:17:48","guid":{"rendered":"http:\/\/www.misdetallesdeboda.com\/detalles\/producto\/caja-monedas-de-chocolate-300-unidades\/"},"modified":"2018-09-24T15:59:51","modified_gmt":"2018-09-24T15:59:51","slug":"comunion-recuerdo-original","status":"publish","type":"product","link":"https:\/\/www.misdetallesdeboda.com\/detalles\/producto\/comunion-recuerdo-original\/","title":{"rendered":"Caja con peladillas e im\u00e1n comuni\u00f3n ni\u00f1o o ni\u00f1a"},"content":{"rendered":"<p>Divertido im\u00e1n de 5cm,.en resina de ni\u00f1o o ni\u00f1a de Comuni\u00f3n en bici.<\/p>\n<p>Se presenta en bonita caja con 3 crujientes peladillas de chocolate.<br \/>\nUna vez pasada la celebraci\u00f3n, los invitados lo utilizar\u00e1n a diario en cualquier superficie met\u00e1lica.<br \/>\nSu anilla trasera permite atarlo o colgarlo al detalle.<br \/>\nPedido m\u00ednimo 15 unidades<\/p>\n","protected":false},"excerpt":{"rendered":"<p>Divertido im\u00e1n de 5cm,.en resina de ni\u00f1o o ni\u00f1a de Comuni\u00f3n en bici. Se presenta en bonita caja con 3 crujientes peladillas de chocolate. Una vez pasada la celebraci\u00f3n, los invitados lo utilizar\u00e1n a diario [&hellip;]<\/p>\n","protected":false},"featured_media":9535,"template":"","meta":[],"product_brand":[],"product_cat":[25],"product_tag":[165,164],"class_list":{"0":"post-3660","1":"product","2":"type-product","3":"status-publish","4":"has-post-thumbnail","6":"product_cat-bombones","7":"product_tag-comunion-nina","8":"product_tag-comunion-nino","9":"clearfix","11":"first","12":"outofstock","13":"shipping-taxable","14":"purchasable","15":"product-type-variable"},"_links":{"self":[{"href":"https:\/\/www.misdetallesdeboda.com\/detalles\/wp-json\/wp\/v2\/product\/3660","targetHints":{"allow":["GET"]}}],"collection":[{"href":"https:\/\/www.misdetallesdeboda.com\/detalles\/wp-json\/wp\/v2\/product"}],"about":[{"href":"https:\/\/www.misdetallesdeboda.com\/detalles\/wp-json\/wp\/v2\/types\/product"}],"wp:featuredmedia":[{"embeddable":true,"href":"https:\/\/www.misdetallesdeboda.com\/detalles\/wp-json\/wp\/v2\/media\/9535"}],"wp:attachment":[{"href":"https:\/\/www.misdetallesdeboda.com\/detalles\/wp-json\/wp\/v2\/media?parent=3660"}],"wp:term":[{"taxonomy":"product_brand","embeddable":true,"href":"https:\/\/www.misdetallesdeboda.com\/detalles\/wp-json\/wp\/v2\/product_brand?post=3660"},{"taxonomy":"product_cat","embeddable":true,"href":"https:\/\/www.misdetallesdeboda.com\/detalles\/wp-json\/wp\/v2\/product_cat?post=3660"},{"taxonomy":"product_tag","embeddable":true,"href":"https:\/\/www.misdetallesdeboda.com\/detalles\/wp-json\/wp\/v2\/product_tag?post=3660"}],"curies":[{"name":"wp","href":"https:\/\/api.w.org\/{rel}","templated":true}]}}