{"id":3658,"date":"2016-02-19T21:08:51","date_gmt":"2016-02-19T21:08:51","guid":{"rendered":"http:\/\/www.misdetallesdeboda.com\/detalles\/?post_type=product&#038;p=3658"},"modified":"2018-09-24T13:17:49","modified_gmt":"2018-09-24T13:17:49","slug":"saquito-chocolate-comunion","status":"publish","type":"product","link":"https:\/\/www.misdetallesdeboda.com\/detalles\/producto\/saquito-chocolate-comunion\/","title":{"rendered":"Saquito con peladillas decorado con espigas"},"content":{"rendered":"<p>Preciosas bolsas de algod\u00f3n con estampado de estrellas beige y bouquet de espiga como detalle decorativo sujeto a la cuerdecita que le sirve como cierre de la bolsa.<br \/>\nEn el interior, 5 peladillas de rico chocolate para degustar. Es un detalle perfecto para obsequiar a los invitados a una Comuni\u00f3n.<br \/>\nAtenci\u00f3n: tarjeta sugerencia de presentaci\u00f3n, si le pone una tarjetita con el nombre del ni\u00f1o que recibe la Primera Comuni\u00f3n ser\u00e1 un bonito detalle personalizado.<\/p>\n","protected":false},"excerpt":{"rendered":"<p>Preciosas bolsas de algod\u00f3n con estampado de estrellas beige y bouquet de espiga como detalle decorativo sujeto a la cuerdecita que le sirve como cierre de la bolsa. En el interior, 5 peladillas de rico [&hellip;]<\/p>\n","protected":false},"featured_media":9525,"template":"","meta":[],"product_brand":[],"product_cat":[25],"product_tag":[],"class_list":{"0":"post-3658","1":"product","2":"type-product","3":"status-publish","4":"has-post-thumbnail","6":"product_cat-bombones","7":"clearfix","9":"first","10":"instock","11":"shipping-taxable","12":"purchasable","13":"product-type-simple"},"_links":{"self":[{"href":"https:\/\/www.misdetallesdeboda.com\/detalles\/wp-json\/wp\/v2\/product\/3658","targetHints":{"allow":["GET"]}}],"collection":[{"href":"https:\/\/www.misdetallesdeboda.com\/detalles\/wp-json\/wp\/v2\/product"}],"about":[{"href":"https:\/\/www.misdetallesdeboda.com\/detalles\/wp-json\/wp\/v2\/types\/product"}],"wp:featuredmedia":[{"embeddable":true,"href":"https:\/\/www.misdetallesdeboda.com\/detalles\/wp-json\/wp\/v2\/media\/9525"}],"wp:attachment":[{"href":"https:\/\/www.misdetallesdeboda.com\/detalles\/wp-json\/wp\/v2\/media?parent=3658"}],"wp:term":[{"taxonomy":"product_brand","embeddable":true,"href":"https:\/\/www.misdetallesdeboda.com\/detalles\/wp-json\/wp\/v2\/product_brand?post=3658"},{"taxonomy":"product_cat","embeddable":true,"href":"https:\/\/www.misdetallesdeboda.com\/detalles\/wp-json\/wp\/v2\/product_cat?post=3658"},{"taxonomy":"product_tag","embeddable":true,"href":"https:\/\/www.misdetallesdeboda.com\/detalles\/wp-json\/wp\/v2\/product_tag?post=3658"}],"curies":[{"name":"wp","href":"https:\/\/api.w.org\/{rel}","templated":true}]}}