{"id":3619,"date":"2016-02-19T15:21:41","date_gmt":"2016-02-19T15:21:41","guid":{"rendered":"http:\/\/www.misdetallesdeboda.com\/detalles\/?post_type=product&#038;p=3619"},"modified":"2019-03-13T09:06:41","modified_gmt":"2019-03-13T09:06:41","slug":"estuche-de-madera-con-abrebotellas-sacacorchos","status":"publish","type":"product","link":"https:\/\/www.misdetallesdeboda.com\/detalles\/producto\/estuche-de-madera-con-abrebotellas-sacacorchos\/","title":{"rendered":"Abrebotellas multiuso loro en cajita"},"content":{"rendered":"<p>Estuche de madera con abrebotellas-sacacorchos loro para recuerdo de boda, bautizo y comuni\u00f3n<br \/>\nColores surtidos como la foto<br \/>\nUn recuerdo para caballeros \u00fatil y bien presentado que seguramente no se quedar\u00e1 en un caj\u00f3n<br \/>\nPedido m\u00ednimo 10 unidades<\/p>\n","protected":false},"excerpt":{"rendered":"<p>Estuche de madera con abrebotellas-sacacorchos loro para recuerdo de boda, bautizo y comuni\u00f3n Colores surtidos como la foto Un recuerdo para caballeros \u00fatil y bien presentado que seguramente no se quedar\u00e1 en un caj\u00f3n Pedido [&hellip;]<\/p>\n","protected":false},"featured_media":10502,"template":"","meta":[],"product_brand":[],"product_cat":[19,37],"product_tag":[],"class_list":{"0":"post-3619","1":"product","2":"type-product","3":"status-publish","4":"has-post-thumbnail","6":"product_cat-abrebotellas","7":"product_cat-recuerdos_caballeros","8":"clearfix","10":"first","11":"instock","12":"shipping-taxable","13":"purchasable","14":"product-type-simple"},"_links":{"self":[{"href":"https:\/\/www.misdetallesdeboda.com\/detalles\/wp-json\/wp\/v2\/product\/3619","targetHints":{"allow":["GET"]}}],"collection":[{"href":"https:\/\/www.misdetallesdeboda.com\/detalles\/wp-json\/wp\/v2\/product"}],"about":[{"href":"https:\/\/www.misdetallesdeboda.com\/detalles\/wp-json\/wp\/v2\/types\/product"}],"wp:featuredmedia":[{"embeddable":true,"href":"https:\/\/www.misdetallesdeboda.com\/detalles\/wp-json\/wp\/v2\/media\/10502"}],"wp:attachment":[{"href":"https:\/\/www.misdetallesdeboda.com\/detalles\/wp-json\/wp\/v2\/media?parent=3619"}],"wp:term":[{"taxonomy":"product_brand","embeddable":true,"href":"https:\/\/www.misdetallesdeboda.com\/detalles\/wp-json\/wp\/v2\/product_brand?post=3619"},{"taxonomy":"product_cat","embeddable":true,"href":"https:\/\/www.misdetallesdeboda.com\/detalles\/wp-json\/wp\/v2\/product_cat?post=3619"},{"taxonomy":"product_tag","embeddable":true,"href":"https:\/\/www.misdetallesdeboda.com\/detalles\/wp-json\/wp\/v2\/product_tag?post=3619"}],"curies":[{"name":"wp","href":"https:\/\/api.w.org\/{rel}","templated":true}]}}