{"id":3515,"date":"2016-02-15T09:40:40","date_gmt":"2016-02-15T09:40:40","guid":{"rendered":"http:\/\/www.misdetallesdeboda.com\/detalles\/producto\/mini-botellas-vino-moscatel-etiqueta-personalizada-comunion-nino\/"},"modified":"2022-04-26T08:21:57","modified_gmt":"2022-04-26T08:21:57","slug":"mini-botellas-vino-moscatel-etiqueta-personalizada-comunion-nino","status":"publish","type":"product","link":"https:\/\/www.misdetallesdeboda.com\/detalles\/producto\/mini-botellas-vino-moscatel-etiqueta-personalizada-comunion-nino\/","title":{"rendered":"Mini botellas vino moscatel etiqueta personalizada comuni\u00f3n ni\u00f1o"},"content":{"rendered":"<p>Botellitas 100ml de vino dulce Moscatel\ufeff\ufeff personalizadas (con nombre del ni\u00f1o y fecha), para detalles de comuni\u00f3n<\/p>\n<p>Entrega 15 d\u00edas <\/p>\n<p>*Escribir textos personalizados en apartado de comentarios del formulario del pedido*<\/p>\n<p>Pedido m\u00ednimo 25 unidades.<\/p>\n","protected":false},"excerpt":{"rendered":"<p>Botellitas 100ml de vino dulce Moscatel\ufeff\ufeff personalizadas (con nombre del ni\u00f1o y fecha), para detalles de comuni\u00f3n Entrega 15 d\u00edas *Escribir textos personalizados en apartado de comentarios del formulario del pedido* Pedido m\u00ednimo 25 unidades.<\/p>\n","protected":false},"featured_media":3516,"template":"","meta":[],"product_brand":[],"product_cat":[28],"product_tag":[156],"class_list":{"0":"post-3515","1":"product","2":"type-product","3":"status-publish","4":"has-post-thumbnail","6":"product_cat-vinos","7":"product_tag-detalles-gourmet","8":"clearfix","10":"first","11":"instock","12":"shipping-taxable","13":"purchasable","14":"product-type-simple"},"_links":{"self":[{"href":"https:\/\/www.misdetallesdeboda.com\/detalles\/wp-json\/wp\/v2\/product\/3515","targetHints":{"allow":["GET"]}}],"collection":[{"href":"https:\/\/www.misdetallesdeboda.com\/detalles\/wp-json\/wp\/v2\/product"}],"about":[{"href":"https:\/\/www.misdetallesdeboda.com\/detalles\/wp-json\/wp\/v2\/types\/product"}],"wp:featuredmedia":[{"embeddable":true,"href":"https:\/\/www.misdetallesdeboda.com\/detalles\/wp-json\/wp\/v2\/media\/3516"}],"wp:attachment":[{"href":"https:\/\/www.misdetallesdeboda.com\/detalles\/wp-json\/wp\/v2\/media?parent=3515"}],"wp:term":[{"taxonomy":"product_brand","embeddable":true,"href":"https:\/\/www.misdetallesdeboda.com\/detalles\/wp-json\/wp\/v2\/product_brand?post=3515"},{"taxonomy":"product_cat","embeddable":true,"href":"https:\/\/www.misdetallesdeboda.com\/detalles\/wp-json\/wp\/v2\/product_cat?post=3515"},{"taxonomy":"product_tag","embeddable":true,"href":"https:\/\/www.misdetallesdeboda.com\/detalles\/wp-json\/wp\/v2\/product_tag?post=3515"}],"curies":[{"name":"wp","href":"https:\/\/api.w.org\/{rel}","templated":true}]}}