{"id":3509,"date":"2016-02-15T09:34:09","date_gmt":"2016-02-15T09:34:09","guid":{"rendered":"http:\/\/www.misdetallesdeboda.com\/detalles\/producto\/mini-botellas-vino-personalizada-caliz-comunion\/"},"modified":"2018-07-19T07:06:14","modified_gmt":"2018-07-19T07:06:14","slug":"mini-botellas-vino-personalizada-caliz-comunion","status":"publish","type":"product","link":"https:\/\/www.misdetallesdeboda.com\/detalles\/producto\/mini-botellas-vino-personalizada-caliz-comunion\/","title":{"rendered":"Mini botellas vino personalizada C\u00e1liz comuni\u00f3n"},"content":{"rendered":"<p>Botellita de vino decorada directamente sobre vidrio para detalle comuni\u00f3n<br \/>\nNombre del ni\u00f1o y fecha del evento personalizado.<br \/>\nCon texto personalizado e informaci\u00f3n del fabricante en la parte trasera<br \/>\nTEXTO EN LA PARTE TRASERA: Personalizado con un m\u00e1ximo de 70 palabras.<br \/>\n*Escribir textos personalizados en apartado de comentarios del formulario del pedido*<br \/>\nMedidas botella: 25cm largo, 5,5cm diametro<br \/>\nCantidad: 37,5cl.<br \/>\nGradaci\u00f3n: 13,5%vol.<br \/>\nPedido m\u00ednimo 25 unidades.<\/p>\n<p>Plazo de fabricaci\u00f3n: 20-25 d\u00edas<\/p>\n","protected":false},"excerpt":{"rendered":"<p>Botellita de vino decorada directamente sobre vidrio para detalle comuni\u00f3n Nombre del ni\u00f1o y fecha del evento personalizado. Con texto personalizado e informaci\u00f3n del fabricante en la parte trasera TEXTO EN LA PARTE TRASERA: Personalizado [&hellip;]<\/p>\n","protected":false},"featured_media":3510,"template":"","meta":[],"product_brand":[],"product_cat":[28],"product_tag":[156],"class_list":{"0":"post-3509","1":"product","2":"type-product","3":"status-publish","4":"has-post-thumbnail","6":"product_cat-vinos","7":"product_tag-detalles-gourmet","8":"clearfix","10":"first","11":"instock","12":"shipping-taxable","13":"purchasable","14":"product-type-simple"},"_links":{"self":[{"href":"https:\/\/www.misdetallesdeboda.com\/detalles\/wp-json\/wp\/v2\/product\/3509","targetHints":{"allow":["GET"]}}],"collection":[{"href":"https:\/\/www.misdetallesdeboda.com\/detalles\/wp-json\/wp\/v2\/product"}],"about":[{"href":"https:\/\/www.misdetallesdeboda.com\/detalles\/wp-json\/wp\/v2\/types\/product"}],"wp:featuredmedia":[{"embeddable":true,"href":"https:\/\/www.misdetallesdeboda.com\/detalles\/wp-json\/wp\/v2\/media\/3510"}],"wp:attachment":[{"href":"https:\/\/www.misdetallesdeboda.com\/detalles\/wp-json\/wp\/v2\/media?parent=3509"}],"wp:term":[{"taxonomy":"product_brand","embeddable":true,"href":"https:\/\/www.misdetallesdeboda.com\/detalles\/wp-json\/wp\/v2\/product_brand?post=3509"},{"taxonomy":"product_cat","embeddable":true,"href":"https:\/\/www.misdetallesdeboda.com\/detalles\/wp-json\/wp\/v2\/product_cat?post=3509"},{"taxonomy":"product_tag","embeddable":true,"href":"https:\/\/www.misdetallesdeboda.com\/detalles\/wp-json\/wp\/v2\/product_tag?post=3509"}],"curies":[{"name":"wp","href":"https:\/\/api.w.org\/{rel}","templated":true}]}}