{"id":3463,"date":"2016-02-13T21:26:10","date_gmt":"2016-02-13T21:26:10","guid":{"rendered":"http:\/\/www.misdetallesdeboda.com\/detalles\/producto\/neceser-rojo-lunares-y-lazo\/"},"modified":"2023-03-21T18:03:39","modified_gmt":"2023-03-21T18:03:39","slug":"regalar-invitados-bautizo","status":"publish","type":"product","link":"https:\/\/www.misdetallesdeboda.com\/detalles\/producto\/regalar-invitados-bautizo\/","title":{"rendered":"Estuche Chocolates espigas"},"content":{"rendered":"<p>Original y bonita caja de chocolates con leche al 32% de cacao con motivos de Primera Comuni\u00f3n.<br \/>\nSu dise\u00f1o la hace perfecta para regalar a los invitados del evento como recuerdo. Se completa el dise\u00f1o con un pomo de espigas y cinta de cristal.<\/p>\n<p>Pedido m\u00ednimo 15 unidades<\/p>\n","protected":false},"excerpt":{"rendered":"<p>Original y bonita caja de chocolates con leche al 32% de cacao con motivos de Primera Comuni\u00f3n. Su dise\u00f1o la hace perfecta para regalar a los invitados del evento como recuerdo. Se completa el dise\u00f1o [&hellip;]<\/p>\n","protected":false},"featured_media":9524,"template":"","meta":[],"product_brand":[],"product_cat":[25,42],"product_tag":[],"class_list":{"0":"post-3463","1":"product","2":"type-product","3":"status-publish","4":"has-post-thumbnail","6":"product_cat-bombones","7":"product_cat-comunion","8":"clearfix","10":"first","11":"outofstock","12":"shipping-taxable","13":"purchasable","14":"product-type-simple"},"_links":{"self":[{"href":"https:\/\/www.misdetallesdeboda.com\/detalles\/wp-json\/wp\/v2\/product\/3463","targetHints":{"allow":["GET"]}}],"collection":[{"href":"https:\/\/www.misdetallesdeboda.com\/detalles\/wp-json\/wp\/v2\/product"}],"about":[{"href":"https:\/\/www.misdetallesdeboda.com\/detalles\/wp-json\/wp\/v2\/types\/product"}],"wp:featuredmedia":[{"embeddable":true,"href":"https:\/\/www.misdetallesdeboda.com\/detalles\/wp-json\/wp\/v2\/media\/9524"}],"wp:attachment":[{"href":"https:\/\/www.misdetallesdeboda.com\/detalles\/wp-json\/wp\/v2\/media?parent=3463"}],"wp:term":[{"taxonomy":"product_brand","embeddable":true,"href":"https:\/\/www.misdetallesdeboda.com\/detalles\/wp-json\/wp\/v2\/product_brand?post=3463"},{"taxonomy":"product_cat","embeddable":true,"href":"https:\/\/www.misdetallesdeboda.com\/detalles\/wp-json\/wp\/v2\/product_cat?post=3463"},{"taxonomy":"product_tag","embeddable":true,"href":"https:\/\/www.misdetallesdeboda.com\/detalles\/wp-json\/wp\/v2\/product_tag?post=3463"}],"curies":[{"name":"wp","href":"https:\/\/api.w.org\/{rel}","templated":true}]}}