{"id":3369,"date":"2016-01-27T19:03:31","date_gmt":"2016-01-27T19:03:31","guid":{"rendered":"http:\/\/www.misdetallesdeboda.com\/detalles\/producto\/memoria-usb-comunion-nino\/"},"modified":"2023-03-21T18:03:42","modified_gmt":"2023-03-21T18:03:42","slug":"memoria-usb-comunion-nino","status":"publish","type":"product","link":"https:\/\/www.misdetallesdeboda.com\/detalles\/producto\/memoria-usb-comunion-nino\/","title":{"rendered":"Memoria USB comuni\u00f3n  ni\u00f1o"},"content":{"rendered":"<p>\u00a1Una memoria para un d\u00eda memorable!<\/p>\n<p>Memoria USB Ni\u00f1o Comuni\u00f3n\u00a0 4GB<\/p>\n<p>Medidas Ni\u00f1o: 6,8 x 2,6 x 0.80 cm<\/p>\n<p>Pedido m\u00ednimo 5 unidades<\/p>\n","protected":false},"excerpt":{"rendered":"<p>\u00a1Una memoria para un d\u00eda memorable! Memoria USB Ni\u00f1o Comuni\u00f3n\u00a0 4GB Medidas Ni\u00f1o: 6,8 x 2,6 x 0.80 cm Pedido m\u00ednimo 5 unidades<\/p>\n","protected":false},"featured_media":2399,"template":"","meta":[],"product_brand":[],"product_cat":[154,42],"product_tag":[164],"class_list":{"0":"post-3369","1":"product","2":"type-product","3":"status-publish","4":"has-post-thumbnail","6":"product_cat-memoria-usb","7":"product_cat-comunion","8":"product_tag-comunion-nino","9":"clearfix","11":"first","12":"outofstock","13":"shipping-taxable","14":"purchasable","15":"product-type-variable"},"_links":{"self":[{"href":"https:\/\/www.misdetallesdeboda.com\/detalles\/wp-json\/wp\/v2\/product\/3369","targetHints":{"allow":["GET"]}}],"collection":[{"href":"https:\/\/www.misdetallesdeboda.com\/detalles\/wp-json\/wp\/v2\/product"}],"about":[{"href":"https:\/\/www.misdetallesdeboda.com\/detalles\/wp-json\/wp\/v2\/types\/product"}],"wp:featuredmedia":[{"embeddable":true,"href":"https:\/\/www.misdetallesdeboda.com\/detalles\/wp-json\/wp\/v2\/media\/2399"}],"wp:attachment":[{"href":"https:\/\/www.misdetallesdeboda.com\/detalles\/wp-json\/wp\/v2\/media?parent=3369"}],"wp:term":[{"taxonomy":"product_brand","embeddable":true,"href":"https:\/\/www.misdetallesdeboda.com\/detalles\/wp-json\/wp\/v2\/product_brand?post=3369"},{"taxonomy":"product_cat","embeddable":true,"href":"https:\/\/www.misdetallesdeboda.com\/detalles\/wp-json\/wp\/v2\/product_cat?post=3369"},{"taxonomy":"product_tag","embeddable":true,"href":"https:\/\/www.misdetallesdeboda.com\/detalles\/wp-json\/wp\/v2\/product_tag?post=3369"}],"curies":[{"name":"wp","href":"https:\/\/api.w.org\/{rel}","templated":true}]}}