{"id":3367,"date":"2016-01-27T19:00:38","date_gmt":"2016-01-27T19:00:38","guid":{"rendered":"http:\/\/www.misdetallesdeboda.com\/detalles\/?post_type=product&#038;p=3367"},"modified":"2016-01-27T19:00:38","modified_gmt":"2016-01-27T19:00:38","slug":"memoria-usb-novio-2gb","status":"publish","type":"product","link":"https:\/\/www.misdetallesdeboda.com\/detalles\/producto\/memoria-usb-novio-2gb\/","title":{"rendered":"Memoria USB novio 2GB"},"content":{"rendered":"<p>Nuevo modelo de memoria USB de novios \u00abDisco Retro\u00bb, son perfectas para regalar c\u00f3mo detalle pr\u00e1ctico para los invitados de la boda<br \/>\n2 GB<br \/>\nModelo Novio<\/p>\n<p>Medidas: 5,5 x 4,5 cm<br \/>\nPedido m\u00ednimo 3 unidades<\/p>\n","protected":false},"excerpt":{"rendered":"<p>Nuevo modelo de memoria USB de novios \u00abDisco Retro\u00bb, son perfectas para regalar c\u00f3mo detalle pr\u00e1ctico para los invitados de la boda 2 GB Modelo Novio Medidas: 5,5 x 4,5 cm Pedido m\u00ednimo 3 unidades<\/p>\n","protected":false},"featured_media":3368,"template":"","meta":[],"product_brand":[],"product_cat":[154],"product_tag":[],"class_list":{"0":"post-3367","1":"product","2":"type-product","3":"status-publish","4":"has-post-thumbnail","6":"product_cat-memoria-usb","7":"clearfix","9":"first","10":"instock","11":"shipping-taxable","12":"purchasable","13":"product-type-simple"},"_links":{"self":[{"href":"https:\/\/www.misdetallesdeboda.com\/detalles\/wp-json\/wp\/v2\/product\/3367","targetHints":{"allow":["GET"]}}],"collection":[{"href":"https:\/\/www.misdetallesdeboda.com\/detalles\/wp-json\/wp\/v2\/product"}],"about":[{"href":"https:\/\/www.misdetallesdeboda.com\/detalles\/wp-json\/wp\/v2\/types\/product"}],"wp:featuredmedia":[{"embeddable":true,"href":"https:\/\/www.misdetallesdeboda.com\/detalles\/wp-json\/wp\/v2\/media\/3368"}],"wp:attachment":[{"href":"https:\/\/www.misdetallesdeboda.com\/detalles\/wp-json\/wp\/v2\/media?parent=3367"}],"wp:term":[{"taxonomy":"product_brand","embeddable":true,"href":"https:\/\/www.misdetallesdeboda.com\/detalles\/wp-json\/wp\/v2\/product_brand?post=3367"},{"taxonomy":"product_cat","embeddable":true,"href":"https:\/\/www.misdetallesdeboda.com\/detalles\/wp-json\/wp\/v2\/product_cat?post=3367"},{"taxonomy":"product_tag","embeddable":true,"href":"https:\/\/www.misdetallesdeboda.com\/detalles\/wp-json\/wp\/v2\/product_tag?post=3367"}],"curies":[{"name":"wp","href":"https:\/\/api.w.org\/{rel}","templated":true}]}}