{"id":3245,"date":"2016-01-24T11:09:51","date_gmt":"2016-01-24T11:09:51","guid":{"rendered":"http:\/\/www.misdetallesdeboda.com\/detalles\/?post_type=product&#038;p=3245"},"modified":"2023-03-21T18:03:41","modified_gmt":"2023-03-21T18:03:41","slug":"hucha-balon-de-futbol","status":"publish","type":"product","link":"https:\/\/www.misdetallesdeboda.com\/detalles\/producto\/hucha-balon-de-futbol\/","title":{"rendered":"Hucha bal\u00f3n de f\u00fatbol"},"content":{"rendered":"<p>Original hucha en forma de bal\u00f3n de futbol surtida en los colores rojo y negro.<\/p>\n<p>Un detalle muy original para comuni\u00f3n de ni\u00f1os<\/p>\n<p>Se sirven en cajitas protectoras con 2 huchas por caja<\/p>\n<p>Precio unitario.<\/p>\n<p>Diametro 8 cm<\/p>\n<p><strong>Pedido m\u00ednimo 12 unidades.<br \/>\nEl pedido debe ser multiplo de 2<\/strong><\/p>\n","protected":false},"excerpt":{"rendered":"<p>Original hucha en forma de bal\u00f3n de futbol surtida en los colores rojo y negro. Un detalle muy original para comuni\u00f3n de ni\u00f1os Se sirven en cajitas protectoras con 2 huchas por caja Precio unitario. [&hellip;]<\/p>\n","protected":false},"featured_media":3246,"template":"","meta":[],"product_brand":[],"product_cat":[158,42],"product_tag":[223,164],"class_list":{"0":"post-3245","1":"product","2":"type-product","3":"status-publish","4":"has-post-thumbnail","6":"product_cat-huchas","7":"product_cat-comunion","8":"product_tag-boda-tematica-futbol","9":"product_tag-comunion-nino","10":"clearfix","12":"first","13":"outofstock","14":"shipping-taxable","15":"purchasable","16":"product-type-simple"},"_links":{"self":[{"href":"https:\/\/www.misdetallesdeboda.com\/detalles\/wp-json\/wp\/v2\/product\/3245","targetHints":{"allow":["GET"]}}],"collection":[{"href":"https:\/\/www.misdetallesdeboda.com\/detalles\/wp-json\/wp\/v2\/product"}],"about":[{"href":"https:\/\/www.misdetallesdeboda.com\/detalles\/wp-json\/wp\/v2\/types\/product"}],"wp:featuredmedia":[{"embeddable":true,"href":"https:\/\/www.misdetallesdeboda.com\/detalles\/wp-json\/wp\/v2\/media\/3246"}],"wp:attachment":[{"href":"https:\/\/www.misdetallesdeboda.com\/detalles\/wp-json\/wp\/v2\/media?parent=3245"}],"wp:term":[{"taxonomy":"product_brand","embeddable":true,"href":"https:\/\/www.misdetallesdeboda.com\/detalles\/wp-json\/wp\/v2\/product_brand?post=3245"},{"taxonomy":"product_cat","embeddable":true,"href":"https:\/\/www.misdetallesdeboda.com\/detalles\/wp-json\/wp\/v2\/product_cat?post=3245"},{"taxonomy":"product_tag","embeddable":true,"href":"https:\/\/www.misdetallesdeboda.com\/detalles\/wp-json\/wp\/v2\/product_tag?post=3245"}],"curies":[{"name":"wp","href":"https:\/\/api.w.org\/{rel}","templated":true}]}}