{"id":3220,"date":"2016-01-10T20:59:11","date_gmt":"2016-01-10T20:59:11","guid":{"rendered":"http:\/\/www.misdetallesdeboda.com\/detalles\/?post_type=product&#038;p=3220"},"modified":"2017-01-06T20:42:44","modified_gmt":"2017-01-06T20:42:44","slug":"taza-barcelona-baldosa-con-caramelos","status":"publish","type":"product","link":"https:\/\/www.misdetallesdeboda.com\/detalles\/producto\/taza-barcelona-baldosa-con-caramelos\/","title":{"rendered":"Ginebra Gin Gingerlime 5cl"},"content":{"rendered":"<p>GIN GINGERLIME 5CL<\/p>\n<p>Gin-tonic es un c\u00f3ctel obtenido por la mezcla de ginebra y t\u00f3nica. Nosotros os ponemos la ginebra, vosotros la t\u00f3nica.<\/p>\n<p>Un regalo practico que seguro gustar\u00e1 a los asistentes.<br \/>\npedido m\u00ednimo 10 unidades<\/p>\n","protected":false},"excerpt":{"rendered":"<p>GIN GINGERLIME 5CL Gin-tonic es un c\u00f3ctel obtenido por la mezcla de ginebra y t\u00f3nica. Nosotros os ponemos la ginebra, vosotros la t\u00f3nica. Un regalo practico que seguro gustar\u00e1 a los asistentes. pedido m\u00ednimo 10 [&hellip;]<\/p>\n","protected":false},"featured_media":5196,"template":"","meta":[],"product_brand":[],"product_cat":[252,27],"product_tag":[],"class_list":{"0":"post-3220","1":"product","2":"type-product","3":"status-publish","4":"has-post-thumbnail","6":"product_cat-gourmet","7":"product_cat-licoresboda","8":"clearfix","10":"first","11":"instock","12":"shipping-taxable","13":"purchasable","14":"product-type-simple"},"_links":{"self":[{"href":"https:\/\/www.misdetallesdeboda.com\/detalles\/wp-json\/wp\/v2\/product\/3220","targetHints":{"allow":["GET"]}}],"collection":[{"href":"https:\/\/www.misdetallesdeboda.com\/detalles\/wp-json\/wp\/v2\/product"}],"about":[{"href":"https:\/\/www.misdetallesdeboda.com\/detalles\/wp-json\/wp\/v2\/types\/product"}],"wp:featuredmedia":[{"embeddable":true,"href":"https:\/\/www.misdetallesdeboda.com\/detalles\/wp-json\/wp\/v2\/media\/5196"}],"wp:attachment":[{"href":"https:\/\/www.misdetallesdeboda.com\/detalles\/wp-json\/wp\/v2\/media?parent=3220"}],"wp:term":[{"taxonomy":"product_brand","embeddable":true,"href":"https:\/\/www.misdetallesdeboda.com\/detalles\/wp-json\/wp\/v2\/product_brand?post=3220"},{"taxonomy":"product_cat","embeddable":true,"href":"https:\/\/www.misdetallesdeboda.com\/detalles\/wp-json\/wp\/v2\/product_cat?post=3220"},{"taxonomy":"product_tag","embeddable":true,"href":"https:\/\/www.misdetallesdeboda.com\/detalles\/wp-json\/wp\/v2\/product_tag?post=3220"}],"curies":[{"name":"wp","href":"https:\/\/api.w.org\/{rel}","templated":true}]}}