{"id":3211,"date":"2016-01-10T20:49:06","date_gmt":"2016-01-10T20:49:06","guid":{"rendered":"http:\/\/www.misdetallesdeboda.com\/detalles\/?post_type=product&#038;p=3211"},"modified":"2017-12-19T09:32:42","modified_gmt":"2017-12-19T09:32:42","slug":"chancla-flip-flop-blanca","status":"publish","type":"product","link":"https:\/\/www.misdetallesdeboda.com\/detalles\/producto\/chancla-flip-flop-blanca\/","title":{"rendered":"B\u00e1lsamo labial Emoticonos"},"content":{"rendered":"<p>B\u00c1LSAMO LABIAL \u00abEMOTICONOS\u00bb<\/p>\n<p>\u00bfQu\u00e9 mejor regalo practico para regalar que un b\u00e1lsamo labial, lip gloss?<\/p>\n<p>Este a\u00f1o os presentamos un nuevo dise\u00f1o de b\u00e1lsamo, con un divertido dise\u00f1o con las caritas de los emoticonos del whatsapp<\/p>\n<p>Se sirven en 4 dise\u00f1os surtidos.<\/p>\n<p>Di\u00e1metro: 3,7cm<\/p>\n<p>Pedido m\u00ednimo 10 unidades<\/p>\n","protected":false},"excerpt":{"rendered":"<p>B\u00c1LSAMO LABIAL \u00abEMOTICONOS\u00bb \u00bfQu\u00e9 mejor regalo practico para regalar que un b\u00e1lsamo labial, lip gloss? Este a\u00f1o os presentamos un nuevo dise\u00f1o de b\u00e1lsamo, con un divertido dise\u00f1o con las caritas de los emoticonos del [&hellip;]<\/p>\n","protected":false},"featured_media":5193,"template":"","meta":[],"product_brand":[],"product_cat":[21,39],"product_tag":[258],"class_list":{"0":"post-3211","1":"product","2":"type-product","3":"status-publish","4":"has-post-thumbnail","6":"product_cat-aromaterapia","7":"product_cat-regalosoriginales","8":"product_tag-detalle-emoticonos","9":"clearfix","11":"first","12":"instock","13":"shipping-taxable","14":"purchasable","15":"product-type-simple"},"_links":{"self":[{"href":"https:\/\/www.misdetallesdeboda.com\/detalles\/wp-json\/wp\/v2\/product\/3211","targetHints":{"allow":["GET"]}}],"collection":[{"href":"https:\/\/www.misdetallesdeboda.com\/detalles\/wp-json\/wp\/v2\/product"}],"about":[{"href":"https:\/\/www.misdetallesdeboda.com\/detalles\/wp-json\/wp\/v2\/types\/product"}],"wp:featuredmedia":[{"embeddable":true,"href":"https:\/\/www.misdetallesdeboda.com\/detalles\/wp-json\/wp\/v2\/media\/5193"}],"wp:attachment":[{"href":"https:\/\/www.misdetallesdeboda.com\/detalles\/wp-json\/wp\/v2\/media?parent=3211"}],"wp:term":[{"taxonomy":"product_brand","embeddable":true,"href":"https:\/\/www.misdetallesdeboda.com\/detalles\/wp-json\/wp\/v2\/product_brand?post=3211"},{"taxonomy":"product_cat","embeddable":true,"href":"https:\/\/www.misdetallesdeboda.com\/detalles\/wp-json\/wp\/v2\/product_cat?post=3211"},{"taxonomy":"product_tag","embeddable":true,"href":"https:\/\/www.misdetallesdeboda.com\/detalles\/wp-json\/wp\/v2\/product_tag?post=3211"}],"curies":[{"name":"wp","href":"https:\/\/api.w.org\/{rel}","templated":true}]}}