{"id":3208,"date":"2016-01-10T20:44:57","date_gmt":"2016-01-10T20:44:57","guid":{"rendered":"http:\/\/www.misdetallesdeboda.com\/detalles\/?post_type=product&#038;p=3208"},"modified":"2021-04-21T13:47:27","modified_gmt":"2021-04-21T13:47:27","slug":"jabon-estrella-de-mar-en-caja-de-regalo","status":"publish","type":"product","link":"https:\/\/www.misdetallesdeboda.com\/detalles\/producto\/jabon-estrella-de-mar-en-caja-de-regalo\/","title":{"rendered":"Jab\u00f3n Vintage en cajita"},"content":{"rendered":"<p>Original pastilla de jab\u00f3n en color negro, presentado en una bonita caja de cart\u00f3n kraft.<\/p>\n<p>Un detalle \u00fatil y practico para regalar en eventos y fiestas.<\/p>\n<p>Medidas de la caja: 6,4 x 2,3 x 6 cm.<\/p>\n<p>Medidas del jab\u00f3n: 6 x 5,5 cm.<\/p>\n<p>Peso: 60 gr.<br \/>\nPedido m\u00ednimo 10 unidades<\/p>\n","protected":false},"excerpt":{"rendered":"<p>Original pastilla de jab\u00f3n en color negro, presentado en una bonita caja de cart\u00f3n kraft. Un detalle \u00fatil y practico para regalar en eventos y fiestas. Medidas de la caja: 6,4 x 2,3 x 6 [&hellip;]<\/p>\n","protected":false},"featured_media":12207,"template":"","meta":[],"product_brand":[],"product_cat":[21,34],"product_tag":[152],"class_list":{"0":"post-3208","1":"product","2":"type-product","3":"status-publish","4":"has-post-thumbnail","6":"product_cat-aromaterapia","7":"product_cat-jabones","8":"product_tag-regalo-unisex","9":"clearfix","11":"first","12":"instock","13":"sale","14":"shipping-taxable","15":"purchasable","16":"product-type-simple"},"_links":{"self":[{"href":"https:\/\/www.misdetallesdeboda.com\/detalles\/wp-json\/wp\/v2\/product\/3208","targetHints":{"allow":["GET"]}}],"collection":[{"href":"https:\/\/www.misdetallesdeboda.com\/detalles\/wp-json\/wp\/v2\/product"}],"about":[{"href":"https:\/\/www.misdetallesdeboda.com\/detalles\/wp-json\/wp\/v2\/types\/product"}],"wp:featuredmedia":[{"embeddable":true,"href":"https:\/\/www.misdetallesdeboda.com\/detalles\/wp-json\/wp\/v2\/media\/12207"}],"wp:attachment":[{"href":"https:\/\/www.misdetallesdeboda.com\/detalles\/wp-json\/wp\/v2\/media?parent=3208"}],"wp:term":[{"taxonomy":"product_brand","embeddable":true,"href":"https:\/\/www.misdetallesdeboda.com\/detalles\/wp-json\/wp\/v2\/product_brand?post=3208"},{"taxonomy":"product_cat","embeddable":true,"href":"https:\/\/www.misdetallesdeboda.com\/detalles\/wp-json\/wp\/v2\/product_cat?post=3208"},{"taxonomy":"product_tag","embeddable":true,"href":"https:\/\/www.misdetallesdeboda.com\/detalles\/wp-json\/wp\/v2\/product_tag?post=3208"}],"curies":[{"name":"wp","href":"https:\/\/api.w.org\/{rel}","templated":true}]}}