{"id":318,"date":"2014-06-16T08:41:04","date_gmt":"2014-06-16T08:41:04","guid":{"rendered":"http:\/\/www.misdetallesdeboda.com\/detalles\/?product=set-2-posavasos-love"},"modified":"2021-01-11T08:32:53","modified_gmt":"2021-01-11T08:32:53","slug":"set-2-posavasos-love","status":"publish","type":"product","link":"https:\/\/www.misdetallesdeboda.com\/detalles\/producto\/set-2-posavasos-love\/","title":{"rendered":"Set 2 Posavasos Pajaritos"},"content":{"rendered":"<p>Set de 2 posavasos con preciosos dise\u00f1os de pajaritos. <\/p>\n<p>Dise\u00f1ados sobre una base de corcho muy resistente y en tonos muy c\u00e1lidos.<\/p>\n<p>Di\u00e1metro:105mm.<br \/>\nPedido m\u00ednimo 10 unidades.<\/p>\n","protected":false},"excerpt":{"rendered":"<p>Set de 2 posavasos con preciosos dise\u00f1os de pajaritos. Dise\u00f1ados sobre una base de corcho muy resistente y en tonos muy c\u00e1lidos. Di\u00e1metro:105mm. Pedido m\u00ednimo 10 unidades.<\/p>\n","protected":false},"featured_media":11900,"template":"","meta":[],"product_brand":[],"product_cat":[160],"product_tag":[],"class_list":{"0":"post-318","1":"product","2":"type-product","3":"status-publish","4":"has-post-thumbnail","6":"product_cat-posavasos","7":"clearfix","9":"first","10":"instock","11":"shipping-taxable","12":"purchasable","13":"product-type-simple"},"_links":{"self":[{"href":"https:\/\/www.misdetallesdeboda.com\/detalles\/wp-json\/wp\/v2\/product\/318","targetHints":{"allow":["GET"]}}],"collection":[{"href":"https:\/\/www.misdetallesdeboda.com\/detalles\/wp-json\/wp\/v2\/product"}],"about":[{"href":"https:\/\/www.misdetallesdeboda.com\/detalles\/wp-json\/wp\/v2\/types\/product"}],"wp:featuredmedia":[{"embeddable":true,"href":"https:\/\/www.misdetallesdeboda.com\/detalles\/wp-json\/wp\/v2\/media\/11900"}],"wp:attachment":[{"href":"https:\/\/www.misdetallesdeboda.com\/detalles\/wp-json\/wp\/v2\/media?parent=318"}],"wp:term":[{"taxonomy":"product_brand","embeddable":true,"href":"https:\/\/www.misdetallesdeboda.com\/detalles\/wp-json\/wp\/v2\/product_brand?post=318"},{"taxonomy":"product_cat","embeddable":true,"href":"https:\/\/www.misdetallesdeboda.com\/detalles\/wp-json\/wp\/v2\/product_cat?post=318"},{"taxonomy":"product_tag","embeddable":true,"href":"https:\/\/www.misdetallesdeboda.com\/detalles\/wp-json\/wp\/v2\/product_tag?post=318"}],"curies":[{"name":"wp","href":"https:\/\/api.w.org\/{rel}","templated":true}]}}