{"id":3061,"date":"2015-11-04T20:04:58","date_gmt":"2015-11-04T20:04:58","guid":{"rendered":"http:\/\/www.misdetallesdeboda.com\/detalles\/?post_type=product&#038;p=3061"},"modified":"2017-05-29T15:01:46","modified_gmt":"2017-05-29T15:01:46","slug":"mini-ginebra-hendricks","status":"publish","type":"product","link":"https:\/\/www.misdetallesdeboda.com\/detalles\/producto\/mini-ginebra-hendricks\/","title":{"rendered":"Mini Ginebra Hendricks"},"content":{"rendered":"<p>Preciosa botella miniatura Ginebra Hendricks para regalar a sus invitados. Cantidad: 5Cl. Botella de pl\u00e1stico<br \/>\nGraduaci\u00f3n: 44grados<br \/>\nPedido m\u00ednimo 36 unidades.<br \/>\nLos pedidos deben ser multiplos de 12.<br \/>\nGratis etiqueta adhesiva con nombre de los novios y fecha de la boda.<br \/>\nIdeal para hacer kits de gintonic y regalar a los chicos y \u00a1\u00a1\u00a1tambi\u00e9n las chicas!!<\/p>\n","protected":false},"excerpt":{"rendered":"<p>Preciosa botella miniatura Ginebra Hendricks para regalar a sus invitados. Cantidad: 5Cl. Botella de pl\u00e1stico Graduaci\u00f3n: 44grados Pedido m\u00ednimo 36 unidades. Los pedidos deben ser multiplos de 12. Gratis etiqueta adhesiva con nombre de los [&hellip;]<\/p>\n","protected":false},"featured_media":3048,"template":"","meta":[],"product_brand":[],"product_cat":[252,27],"product_tag":[],"class_list":{"0":"post-3061","1":"product","2":"type-product","3":"status-publish","4":"has-post-thumbnail","6":"product_cat-gourmet","7":"product_cat-licoresboda","8":"clearfix","10":"first","11":"outofstock","12":"shipping-taxable","13":"purchasable","14":"product-type-simple"},"_links":{"self":[{"href":"https:\/\/www.misdetallesdeboda.com\/detalles\/wp-json\/wp\/v2\/product\/3061","targetHints":{"allow":["GET"]}}],"collection":[{"href":"https:\/\/www.misdetallesdeboda.com\/detalles\/wp-json\/wp\/v2\/product"}],"about":[{"href":"https:\/\/www.misdetallesdeboda.com\/detalles\/wp-json\/wp\/v2\/types\/product"}],"wp:featuredmedia":[{"embeddable":true,"href":"https:\/\/www.misdetallesdeboda.com\/detalles\/wp-json\/wp\/v2\/media\/3048"}],"wp:attachment":[{"href":"https:\/\/www.misdetallesdeboda.com\/detalles\/wp-json\/wp\/v2\/media?parent=3061"}],"wp:term":[{"taxonomy":"product_brand","embeddable":true,"href":"https:\/\/www.misdetallesdeboda.com\/detalles\/wp-json\/wp\/v2\/product_brand?post=3061"},{"taxonomy":"product_cat","embeddable":true,"href":"https:\/\/www.misdetallesdeboda.com\/detalles\/wp-json\/wp\/v2\/product_cat?post=3061"},{"taxonomy":"product_tag","embeddable":true,"href":"https:\/\/www.misdetallesdeboda.com\/detalles\/wp-json\/wp\/v2\/product_tag?post=3061"}],"curies":[{"name":"wp","href":"https:\/\/api.w.org\/{rel}","templated":true}]}}