{"id":3055,"date":"2015-11-04T18:00:23","date_gmt":"2015-11-04T18:00:23","guid":{"rendered":"http:\/\/www.misdetallesdeboda.com\/detalles\/?post_type=product&#038;p=3055"},"modified":"2017-01-07T15:47:25","modified_gmt":"2017-01-07T15:47:25","slug":"miniginebralarios","status":"publish","type":"product","link":"https:\/\/www.misdetallesdeboda.com\/detalles\/producto\/miniginebralarios\/","title":{"rendered":"Mini Ginebra Larios"},"content":{"rendered":"<p>Preciosa botella miniatura Ginebra Larios para regalar a sus invitados. Cantidad: 5Cl. Botella de pl\u00e1stico<br \/>\nGraduaci\u00f3n: 37,5grados<br \/>\nPedido m\u00ednimo 36 unidades.<br \/>\nLos pedidos deben ser multiplos de 12.<br \/>\nGratis etiqueta adhesiva con nombre de los novios y fecha de la boda.<br \/>\nIdeal para hacer kits de gintonic y regalar a los chicos y \u00a1\u00a1\u00a1tambi\u00e9n las chicas!!<\/p>\n","protected":false},"excerpt":{"rendered":"<p>Preciosa botella miniatura Ginebra Larios para regalar a sus invitados. Cantidad: 5Cl. Botella de pl\u00e1stico Graduaci\u00f3n: 37,5grados Pedido m\u00ednimo 36 unidades. Los pedidos deben ser multiplos de 12. Gratis etiqueta adhesiva con nombre de los [&hellip;]<\/p>\n","protected":false},"featured_media":3053,"template":"","meta":[],"product_brand":[],"product_cat":[252,27],"product_tag":[],"class_list":{"0":"post-3055","1":"product","2":"type-product","3":"status-publish","4":"has-post-thumbnail","6":"product_cat-gourmet","7":"product_cat-licoresboda","8":"clearfix","10":"first","11":"instock","12":"shipping-taxable","13":"purchasable","14":"product-type-simple"},"_links":{"self":[{"href":"https:\/\/www.misdetallesdeboda.com\/detalles\/wp-json\/wp\/v2\/product\/3055","targetHints":{"allow":["GET"]}}],"collection":[{"href":"https:\/\/www.misdetallesdeboda.com\/detalles\/wp-json\/wp\/v2\/product"}],"about":[{"href":"https:\/\/www.misdetallesdeboda.com\/detalles\/wp-json\/wp\/v2\/types\/product"}],"wp:featuredmedia":[{"embeddable":true,"href":"https:\/\/www.misdetallesdeboda.com\/detalles\/wp-json\/wp\/v2\/media\/3053"}],"wp:attachment":[{"href":"https:\/\/www.misdetallesdeboda.com\/detalles\/wp-json\/wp\/v2\/media?parent=3055"}],"wp:term":[{"taxonomy":"product_brand","embeddable":true,"href":"https:\/\/www.misdetallesdeboda.com\/detalles\/wp-json\/wp\/v2\/product_brand?post=3055"},{"taxonomy":"product_cat","embeddable":true,"href":"https:\/\/www.misdetallesdeboda.com\/detalles\/wp-json\/wp\/v2\/product_cat?post=3055"},{"taxonomy":"product_tag","embeddable":true,"href":"https:\/\/www.misdetallesdeboda.com\/detalles\/wp-json\/wp\/v2\/product_tag?post=3055"}],"curies":[{"name":"wp","href":"https:\/\/api.w.org\/{rel}","templated":true}]}}