{"id":2995,"date":"2015-10-13T18:06:59","date_gmt":"2015-10-13T18:06:59","guid":{"rendered":"http:\/\/www.misdetallesdeboda.com\/detalles\/?post_type=product&#038;p=2995"},"modified":"2021-11-24T11:59:29","modified_gmt":"2021-11-24T11:59:29","slug":"vela-recuerdo-invitados-boda","status":"publish","type":"product","link":"https:\/\/www.misdetallesdeboda.com\/detalles\/producto\/vela-recuerdo-invitados-boda\/","title":{"rendered":"Vela Jarrita Rosa"},"content":{"rendered":"<p>VELA JARRITA CON TAPA DE METAL.<\/p>\n<p>Original vela arom\u00e1tica insparadas en la naturaleza, presentada en una simp\u00e1tica jarrita de cristal con asas y tapa met\u00e1lica.<\/p>\n<p>Adem\u00e1s, incluye una tarjetita colgada de cart\u00f3n y cuerdecita de yute.<\/p>\n<p>Es perfecta como elemento decorativo, para ambientar y perfumar estancias, como regalito en bodas, bautizos, comuniones, fiestas.<\/p>\n<p>Color: Rosa<\/p>\n<p>Medidas: 5 x 8,5 cm<\/p>\n<p>Pedido m\u00edmimo 10 unidades<\/p>\n","protected":false},"excerpt":{"rendered":"<p>VELA JARRITA CON TAPA DE METAL. Original vela arom\u00e1tica insparadas en la naturaleza, presentada en una simp\u00e1tica jarrita de cristal con asas y tapa met\u00e1lica. Adem\u00e1s, incluye una tarjetita colgada de cart\u00f3n y cuerdecita de [&hellip;]<\/p>\n","protected":false},"featured_media":12306,"template":"","meta":[],"product_brand":[],"product_cat":[31],"product_tag":[],"class_list":{"0":"post-2995","1":"product","2":"type-product","3":"status-publish","4":"has-post-thumbnail","6":"product_cat-velas","7":"clearfix","9":"first","10":"instock","11":"shipping-taxable","12":"purchasable","13":"product-type-simple"},"_links":{"self":[{"href":"https:\/\/www.misdetallesdeboda.com\/detalles\/wp-json\/wp\/v2\/product\/2995","targetHints":{"allow":["GET"]}}],"collection":[{"href":"https:\/\/www.misdetallesdeboda.com\/detalles\/wp-json\/wp\/v2\/product"}],"about":[{"href":"https:\/\/www.misdetallesdeboda.com\/detalles\/wp-json\/wp\/v2\/types\/product"}],"wp:featuredmedia":[{"embeddable":true,"href":"https:\/\/www.misdetallesdeboda.com\/detalles\/wp-json\/wp\/v2\/media\/12306"}],"wp:attachment":[{"href":"https:\/\/www.misdetallesdeboda.com\/detalles\/wp-json\/wp\/v2\/media?parent=2995"}],"wp:term":[{"taxonomy":"product_brand","embeddable":true,"href":"https:\/\/www.misdetallesdeboda.com\/detalles\/wp-json\/wp\/v2\/product_brand?post=2995"},{"taxonomy":"product_cat","embeddable":true,"href":"https:\/\/www.misdetallesdeboda.com\/detalles\/wp-json\/wp\/v2\/product_cat?post=2995"},{"taxonomy":"product_tag","embeddable":true,"href":"https:\/\/www.misdetallesdeboda.com\/detalles\/wp-json\/wp\/v2\/product_tag?post=2995"}],"curies":[{"name":"wp","href":"https:\/\/api.w.org\/{rel}","templated":true}]}}