{"id":2906,"date":"2015-10-10T12:36:24","date_gmt":"2015-10-10T12:36:24","guid":{"rendered":"http:\/\/www.misdetallesdeboda.com\/detalles\/producto\/brillo-labial-galletas\/"},"modified":"2020-01-29T19:35:24","modified_gmt":"2020-01-29T19:35:24","slug":"vela-jazmin-boda","status":"publish","type":"product","link":"https:\/\/www.misdetallesdeboda.com\/detalles\/producto\/vela-jazmin-boda\/","title":{"rendered":"Vela jazmin en mini tarro"},"content":{"rendered":"<p>Bonitas velas de cera vegetal con aroma de jazm\u00edn en tarro de cristal y tapa de rosca met\u00e1lica. Son un acierto seguro como detalle para los invitados a eventos, Comuniones, bodas, regalos de empresa, cumplea\u00f1os&#8230;Con agradable aroma, perfecta para darle un toque decorativo y de calidez a nuestro hogar ya que es un recurso muy utilizado para armonizar las diferentes estancias. Una idea original es personalizar el frasco con una etiqueta, con los nombres de los novios o de los ni\u00f1os que celebran la Comuni\u00f3n, para utilizarlo como recuerdo.<\/p>\n<p>Medidas<br \/>\n\u00d84,5x4cm<br \/>\n&nbsp;<\/p>\n<p>Pedido m\u00ednimo 12 unidades.<\/p>\n","protected":false},"excerpt":{"rendered":"<p>Bonitas velas de cera vegetal con aroma de jazm\u00edn en tarro de cristal y tapa de rosca met\u00e1lica. Son un acierto seguro como detalle para los invitados a eventos, Comuniones, bodas, regalos de empresa, cumplea\u00f1os&#8230;Con [&hellip;]<\/p>\n","protected":false},"featured_media":11280,"template":"","meta":[],"product_brand":[],"product_cat":[31],"product_tag":[],"class_list":{"0":"post-2906","1":"product","2":"type-product","3":"status-publish","4":"has-post-thumbnail","6":"product_cat-velas","7":"clearfix","9":"first","10":"instock","11":"shipping-taxable","12":"purchasable","13":"product-type-simple"},"_links":{"self":[{"href":"https:\/\/www.misdetallesdeboda.com\/detalles\/wp-json\/wp\/v2\/product\/2906","targetHints":{"allow":["GET"]}}],"collection":[{"href":"https:\/\/www.misdetallesdeboda.com\/detalles\/wp-json\/wp\/v2\/product"}],"about":[{"href":"https:\/\/www.misdetallesdeboda.com\/detalles\/wp-json\/wp\/v2\/types\/product"}],"wp:featuredmedia":[{"embeddable":true,"href":"https:\/\/www.misdetallesdeboda.com\/detalles\/wp-json\/wp\/v2\/media\/11280"}],"wp:attachment":[{"href":"https:\/\/www.misdetallesdeboda.com\/detalles\/wp-json\/wp\/v2\/media?parent=2906"}],"wp:term":[{"taxonomy":"product_brand","embeddable":true,"href":"https:\/\/www.misdetallesdeboda.com\/detalles\/wp-json\/wp\/v2\/product_brand?post=2906"},{"taxonomy":"product_cat","embeddable":true,"href":"https:\/\/www.misdetallesdeboda.com\/detalles\/wp-json\/wp\/v2\/product_cat?post=2906"},{"taxonomy":"product_tag","embeddable":true,"href":"https:\/\/www.misdetallesdeboda.com\/detalles\/wp-json\/wp\/v2\/product_tag?post=2906"}],"curies":[{"name":"wp","href":"https:\/\/api.w.org\/{rel}","templated":true}]}}