{"id":280,"date":"2014-06-16T08:40:33","date_gmt":"2014-06-16T08:40:33","guid":{"rendered":"http:\/\/www.misdetallesdeboda.com\/detalles\/?product=hucha-zapatillas-nina"},"modified":"2019-03-12T10:09:42","modified_gmt":"2019-03-12T10:09:42","slug":"hucha-zapatillas-nina","status":"publish","type":"product","link":"https:\/\/www.misdetallesdeboda.com\/detalles\/producto\/hucha-zapatillas-nina\/","title":{"rendered":"Hucha Zapatilla ni\u00f1a recuerdo comuni\u00f3n"},"content":{"rendered":"<p>Original hucha de cer\u00e1mica zapatilla surtido en colores y presentada en cajita de cart\u00f3n blanca.<\/p>\n<p>Medidas: 13,5 x 7,5 x 6,5 cm <\/p>\n<p>Colores ni\u00f1a: Azul, rosa, purpura y verde <\/p>\n<p>SE SIRVE EN COLORES SURTIDOS <\/p>\n<p>Pedido m\u00ednimo 10 unidades. <\/p>\n<p>El precio baja seg\u00fan la cantidad<\/p>\n","protected":false},"excerpt":{"rendered":"<p>Original hucha de cer\u00e1mica zapatilla surtido en colores y presentada en cajita de cart\u00f3n blanca. Medidas: 13,5 x 7,5 x 6,5 cm Colores ni\u00f1a: Azul, rosa, purpura y verde SE SIRVE EN COLORES SURTIDOS Pedido [&hellip;]<\/p>\n","protected":false},"featured_media":661,"template":"","meta":[],"product_brand":[],"product_cat":[158,42],"product_tag":[165],"class_list":{"0":"post-280","1":"product","2":"type-product","3":"status-publish","4":"has-post-thumbnail","6":"product_cat-huchas","7":"product_cat-comunion","8":"product_tag-comunion-nina","9":"clearfix","11":"first","12":"instock","13":"featured","14":"shipping-taxable","15":"purchasable","16":"product-type-simple"},"_links":{"self":[{"href":"https:\/\/www.misdetallesdeboda.com\/detalles\/wp-json\/wp\/v2\/product\/280","targetHints":{"allow":["GET"]}}],"collection":[{"href":"https:\/\/www.misdetallesdeboda.com\/detalles\/wp-json\/wp\/v2\/product"}],"about":[{"href":"https:\/\/www.misdetallesdeboda.com\/detalles\/wp-json\/wp\/v2\/types\/product"}],"wp:featuredmedia":[{"embeddable":true,"href":"https:\/\/www.misdetallesdeboda.com\/detalles\/wp-json\/wp\/v2\/media\/661"}],"wp:attachment":[{"href":"https:\/\/www.misdetallesdeboda.com\/detalles\/wp-json\/wp\/v2\/media?parent=280"}],"wp:term":[{"taxonomy":"product_brand","embeddable":true,"href":"https:\/\/www.misdetallesdeboda.com\/detalles\/wp-json\/wp\/v2\/product_brand?post=280"},{"taxonomy":"product_cat","embeddable":true,"href":"https:\/\/www.misdetallesdeboda.com\/detalles\/wp-json\/wp\/v2\/product_cat?post=280"},{"taxonomy":"product_tag","embeddable":true,"href":"https:\/\/www.misdetallesdeboda.com\/detalles\/wp-json\/wp\/v2\/product_tag?post=280"}],"curies":[{"name":"wp","href":"https:\/\/api.w.org\/{rel}","templated":true}]}}