{"id":2753,"date":"2015-09-09T16:53:57","date_gmt":"2015-09-09T16:53:57","guid":{"rendered":"http:\/\/www.misdetallesdeboda.com\/detalles\/?post_type=product&#038;p=2753"},"modified":"2023-03-21T18:05:19","modified_gmt":"2023-03-21T18:05:19","slug":"vela-original-comunion","status":"publish","type":"product","link":"https:\/\/www.misdetallesdeboda.com\/detalles\/producto\/vela-original-comunion\/","title":{"rendered":"Vela en tarro con corcho Recuerdo Comuni\u00f3n"},"content":{"rendered":"<p>VELA \u00abRECUERDO MOL\u00d3N\u00bb de mi primera comuni\u00f3n<\/p>\n<p>Vela de cristal con tap\u00f3n de corcho, presentadas en caja de color marr\u00f3n con ventana.<\/p>\n<p>Medidas caja: 9,3cm alto x 7,5cm largo x 7,5cm fondo.<\/p>\n<p>Medidas vela: 6,5cm di\u00e1metro x 9cm altura hasta tap\u00f3n corcho.<\/p>\n<p>Pedido m\u00ednimo 10 unidades<\/p>\n","protected":false},"excerpt":{"rendered":"<p>VELA \u00abRECUERDO MOL\u00d3N\u00bb de mi primera comuni\u00f3n Vela de cristal con tap\u00f3n de corcho, presentadas en caja de color marr\u00f3n con ventana. Medidas caja: 9,3cm alto x 7,5cm largo x 7,5cm fondo. Medidas vela: 6,5cm [&hellip;]<\/p>\n","protected":false},"featured_media":9967,"template":"","meta":[],"product_brand":[],"product_cat":[42,31],"product_tag":[165,164],"class_list":{"0":"post-2753","1":"product","2":"type-product","3":"status-publish","4":"has-post-thumbnail","6":"product_cat-comunion","7":"product_cat-velas","8":"product_tag-comunion-nina","9":"product_tag-comunion-nino","10":"clearfix","12":"first","13":"outofstock","14":"shipping-taxable","15":"purchasable","16":"product-type-simple"},"_links":{"self":[{"href":"https:\/\/www.misdetallesdeboda.com\/detalles\/wp-json\/wp\/v2\/product\/2753","targetHints":{"allow":["GET"]}}],"collection":[{"href":"https:\/\/www.misdetallesdeboda.com\/detalles\/wp-json\/wp\/v2\/product"}],"about":[{"href":"https:\/\/www.misdetallesdeboda.com\/detalles\/wp-json\/wp\/v2\/types\/product"}],"wp:featuredmedia":[{"embeddable":true,"href":"https:\/\/www.misdetallesdeboda.com\/detalles\/wp-json\/wp\/v2\/media\/9967"}],"wp:attachment":[{"href":"https:\/\/www.misdetallesdeboda.com\/detalles\/wp-json\/wp\/v2\/media?parent=2753"}],"wp:term":[{"taxonomy":"product_brand","embeddable":true,"href":"https:\/\/www.misdetallesdeboda.com\/detalles\/wp-json\/wp\/v2\/product_brand?post=2753"},{"taxonomy":"product_cat","embeddable":true,"href":"https:\/\/www.misdetallesdeboda.com\/detalles\/wp-json\/wp\/v2\/product_cat?post=2753"},{"taxonomy":"product_tag","embeddable":true,"href":"https:\/\/www.misdetallesdeboda.com\/detalles\/wp-json\/wp\/v2\/product_tag?post=2753"}],"curies":[{"name":"wp","href":"https:\/\/api.w.org\/{rel}","templated":true}]}}