{"id":2634,"date":"2015-08-29T14:40:26","date_gmt":"2015-08-29T14:40:26","guid":{"rendered":"http:\/\/www.misdetallesdeboda.com\/detalles\/producto\/abanico-verde-botella-23cm\/"},"modified":"2021-03-09T17:44:31","modified_gmt":"2021-03-09T17:44:31","slug":"abanico-verde-botella-23cm","status":"publish","type":"product","link":"https:\/\/www.misdetallesdeboda.com\/detalles\/producto\/abanico-verde-botella-23cm\/","title":{"rendered":"Abanico pintado 21cm colores surtidos"},"content":{"rendered":"<p>Precioso abanico de madera y tela pintado para recuerdo de boda bautizo o comuni\u00f3n.<\/p>\n<p>Se sirve en colores surtidos como la foto<\/p>\n<p>Pintado a mano.<\/p>\n<p>Tama\u00f1o 21 cms cerrado.<\/p>\n<p>Pedido m\u00ednimo 10 unidades.<\/p>\n<p>Precio unitario<\/p>\n<p>Disponemos de gran variedad de modelos de abanicos para todo tipo de boda: abanicos cl\u00e1sicos, abanicos econ\u00f3micos, abanicos originales, abanicos juveniles<\/p>\n","protected":false},"excerpt":{"rendered":"<p>Precioso abanico de madera y tela pintado para recuerdo de boda bautizo o comuni\u00f3n. Se sirve en colores surtidos como la foto Pintado a mano. Tama\u00f1o 21 cms cerrado. Pedido m\u00ednimo 10 unidades. Precio unitario [&hellip;]<\/p>\n","protected":false},"featured_media":12150,"template":"","meta":[],"product_brand":[],"product_cat":[16],"product_tag":[204],"class_list":{"0":"post-2634","1":"product","2":"type-product","3":"status-publish","4":"has-post-thumbnail","6":"product_cat-abanicos_pintados","7":"product_tag-boda-tematica-floral","8":"clearfix","10":"first","11":"instock","12":"shipping-taxable","13":"purchasable","14":"product-type-simple"},"_links":{"self":[{"href":"https:\/\/www.misdetallesdeboda.com\/detalles\/wp-json\/wp\/v2\/product\/2634","targetHints":{"allow":["GET"]}}],"collection":[{"href":"https:\/\/www.misdetallesdeboda.com\/detalles\/wp-json\/wp\/v2\/product"}],"about":[{"href":"https:\/\/www.misdetallesdeboda.com\/detalles\/wp-json\/wp\/v2\/types\/product"}],"wp:featuredmedia":[{"embeddable":true,"href":"https:\/\/www.misdetallesdeboda.com\/detalles\/wp-json\/wp\/v2\/media\/12150"}],"wp:attachment":[{"href":"https:\/\/www.misdetallesdeboda.com\/detalles\/wp-json\/wp\/v2\/media?parent=2634"}],"wp:term":[{"taxonomy":"product_brand","embeddable":true,"href":"https:\/\/www.misdetallesdeboda.com\/detalles\/wp-json\/wp\/v2\/product_brand?post=2634"},{"taxonomy":"product_cat","embeddable":true,"href":"https:\/\/www.misdetallesdeboda.com\/detalles\/wp-json\/wp\/v2\/product_cat?post=2634"},{"taxonomy":"product_tag","embeddable":true,"href":"https:\/\/www.misdetallesdeboda.com\/detalles\/wp-json\/wp\/v2\/product_tag?post=2634"}],"curies":[{"name":"wp","href":"https:\/\/api.w.org\/{rel}","templated":true}]}}