{"id":2496,"date":"2015-08-04T09:30:15","date_gmt":"2015-08-04T09:30:15","guid":{"rendered":"http:\/\/www.misdetallesdeboda.com\/detalles\/?post_type=product&#038;p=2496"},"modified":"2023-01-17T17:30:59","modified_gmt":"2023-01-17T17:30:59","slug":"ramas-de-olivo-naturales-decoracion","status":"publish","type":"product","link":"https:\/\/www.misdetallesdeboda.com\/detalles\/producto\/ramas-de-olivo-naturales-decoracion\/","title":{"rendered":"Ramos de olivo naturales frescos 10 unidades"},"content":{"rendered":"<p>Pack de 10 ramas de olivo naturales frescos para decoraci\u00f3n.<\/p>\n<p>Miden aproximadamente 40 cm de largo<\/p>\n<p>Precio por 10 ramitas\u00a0 frescas.<\/p>\n<p>Las ramas son recogidas sob pedido as\u00ed que el plazo de env\u00edo es de 7 d\u00edas.<\/p>\n","protected":false},"excerpt":{"rendered":"<p>Pack de 10 ramas de olivo naturales frescos para decoraci\u00f3n. Miden aproximadamente 40 cm de largo Precio por 10 ramitas\u00a0 frescas. Las ramas son recogidas sob pedido as\u00ed que el plazo de env\u00edo es de [&hellip;]<\/p>\n","protected":false},"featured_media":13182,"template":"","meta":[],"product_brand":[],"product_cat":[44],"product_tag":[],"class_list":{"0":"post-2496","1":"product","2":"type-product","3":"status-publish","4":"has-post-thumbnail","6":"product_cat-detalles_ecologicos","7":"clearfix","9":"first","10":"instock","11":"shipping-taxable","12":"purchasable","13":"product-type-simple"},"_links":{"self":[{"href":"https:\/\/www.misdetallesdeboda.com\/detalles\/wp-json\/wp\/v2\/product\/2496","targetHints":{"allow":["GET"]}}],"collection":[{"href":"https:\/\/www.misdetallesdeboda.com\/detalles\/wp-json\/wp\/v2\/product"}],"about":[{"href":"https:\/\/www.misdetallesdeboda.com\/detalles\/wp-json\/wp\/v2\/types\/product"}],"wp:featuredmedia":[{"embeddable":true,"href":"https:\/\/www.misdetallesdeboda.com\/detalles\/wp-json\/wp\/v2\/media\/13182"}],"wp:attachment":[{"href":"https:\/\/www.misdetallesdeboda.com\/detalles\/wp-json\/wp\/v2\/media?parent=2496"}],"wp:term":[{"taxonomy":"product_brand","embeddable":true,"href":"https:\/\/www.misdetallesdeboda.com\/detalles\/wp-json\/wp\/v2\/product_brand?post=2496"},{"taxonomy":"product_cat","embeddable":true,"href":"https:\/\/www.misdetallesdeboda.com\/detalles\/wp-json\/wp\/v2\/product_cat?post=2496"},{"taxonomy":"product_tag","embeddable":true,"href":"https:\/\/www.misdetallesdeboda.com\/detalles\/wp-json\/wp\/v2\/product_tag?post=2496"}],"curies":[{"name":"wp","href":"https:\/\/api.w.org\/{rel}","templated":true}]}}