{"id":2398,"date":"2015-07-13T08:51:11","date_gmt":"2015-07-13T08:51:11","guid":{"rendered":"http:\/\/www.misdetallesdeboda.com\/detalles\/?post_type=product&#038;p=2398"},"modified":"2023-03-21T18:05:20","modified_gmt":"2023-03-21T18:05:20","slug":"memoria-usb-comunion-nino-o-nina","status":"publish","type":"product","link":"https:\/\/www.misdetallesdeboda.com\/detalles\/producto\/memoria-usb-comunion-nino-o-nina\/","title":{"rendered":"Memoria USB comuni\u00f3n  ni\u00f1a"},"content":{"rendered":"<p>Memoria USB Ni\u00f1a Comuni\u00f3n\u00a0 para recuerdo de comuni\u00f3n ni\u00f1a<\/p>\n<p>Disponible con capacidad de 512MB y 4GB elegir modelo en listado desplegable<\/p>\n<p>Medidas Ni\u00f1o: 6,8 x 2,6 x 0.80 cm<br \/>\nMedidas Ni\u00f1a: 6 x 2,6 x 0,80 cm<br \/>\nPedido m\u00ednimo 5 unidades<\/p>\n","protected":false},"excerpt":{"rendered":"<p>Memoria USB Ni\u00f1a Comuni\u00f3n\u00a0 para recuerdo de comuni\u00f3n ni\u00f1a Disponible con capacidad de 512MB y 4GB elegir modelo en listado desplegable Medidas Ni\u00f1o: 6,8 x 2,6 x 0.80 cm Medidas Ni\u00f1a: 6 x 2,6 x [&hellip;]<\/p>\n","protected":false},"featured_media":2400,"template":"","meta":[],"product_brand":[],"product_cat":[154,42],"product_tag":[165],"class_list":{"0":"post-2398","1":"product","2":"type-product","3":"status-publish","4":"has-post-thumbnail","6":"product_cat-memoria-usb","7":"product_cat-comunion","8":"product_tag-comunion-nina","9":"clearfix","11":"first","12":"outofstock","13":"shipping-taxable","14":"purchasable","15":"product-type-variable"},"_links":{"self":[{"href":"https:\/\/www.misdetallesdeboda.com\/detalles\/wp-json\/wp\/v2\/product\/2398","targetHints":{"allow":["GET"]}}],"collection":[{"href":"https:\/\/www.misdetallesdeboda.com\/detalles\/wp-json\/wp\/v2\/product"}],"about":[{"href":"https:\/\/www.misdetallesdeboda.com\/detalles\/wp-json\/wp\/v2\/types\/product"}],"wp:featuredmedia":[{"embeddable":true,"href":"https:\/\/www.misdetallesdeboda.com\/detalles\/wp-json\/wp\/v2\/media\/2400"}],"wp:attachment":[{"href":"https:\/\/www.misdetallesdeboda.com\/detalles\/wp-json\/wp\/v2\/media?parent=2398"}],"wp:term":[{"taxonomy":"product_brand","embeddable":true,"href":"https:\/\/www.misdetallesdeboda.com\/detalles\/wp-json\/wp\/v2\/product_brand?post=2398"},{"taxonomy":"product_cat","embeddable":true,"href":"https:\/\/www.misdetallesdeboda.com\/detalles\/wp-json\/wp\/v2\/product_cat?post=2398"},{"taxonomy":"product_tag","embeddable":true,"href":"https:\/\/www.misdetallesdeboda.com\/detalles\/wp-json\/wp\/v2\/product_tag?post=2398"}],"curies":[{"name":"wp","href":"https:\/\/api.w.org\/{rel}","templated":true}]}}