{"id":226,"date":"2014-06-16T08:39:51","date_gmt":"2014-06-16T08:39:51","guid":{"rendered":"http:\/\/www.misdetallesdeboda.com\/detalles\/?product=hucha-zapatillas-nino"},"modified":"2023-04-04T14:40:36","modified_gmt":"2023-04-04T14:40:36","slug":"hucha-zapatillas-nino","status":"publish","type":"product","link":"https:\/\/www.misdetallesdeboda.com\/detalles\/producto\/hucha-zapatillas-nino\/","title":{"rendered":"Hucha bota futbol recuerdo comuni\u00f3n hucha zapatilla futbol hucha ni\u00f1o"},"content":{"rendered":"<p>Original detalle de comuni\u00f3n para regalar a los ni\u00f1os: hucha de cer\u00e1mica zapatilla futbol presentada en cajita de cart\u00f3n blanca.<\/p>\n<p>Medidas: 13,5 x 7,5 x 6,5 cm<\/p>\n<p>Colores ni\u00f1o: negro modelo futbol con detalles en rojo, amarillo, azul y verde como las fotos.<\/p>\n<p>Los colores se sirven surtidos.<\/p>\n<p>Pedido m\u00ednimo 10 unidades.<\/p>\n<p>El precio baja seg\u00fan la cantidad<\/p>\n<p>Las huchas zapatilla de futbol son uno de los detalles m\u00e1s demandados y de moda para las comuniones.<br \/>\nEst\u00e1n hechas de cer\u00e1mica y pintadas a mano con todo el detalle.<br \/>\nUn recuerdo de comuni\u00f3n para acertar seguro.<\/p>\n","protected":false},"excerpt":{"rendered":"<p>Original detalle de comuni\u00f3n para regalar a los ni\u00f1os: hucha de cer\u00e1mica zapatilla futbol presentada en cajita de cart\u00f3n blanca. Medidas: 13,5 x 7,5 x 6,5 cm Colores ni\u00f1o: negro modelo futbol con detalles en [&hellip;]<\/p>\n","protected":false},"featured_media":656,"template":"","meta":[],"product_brand":[],"product_cat":[158,42],"product_tag":[164],"class_list":{"0":"post-226","1":"product","2":"type-product","3":"status-publish","4":"has-post-thumbnail","6":"product_cat-huchas","7":"product_cat-comunion","8":"product_tag-comunion-nino","9":"clearfix","11":"first","12":"outofstock","13":"featured","14":"shipping-taxable","15":"purchasable","16":"product-type-simple"},"_links":{"self":[{"href":"https:\/\/www.misdetallesdeboda.com\/detalles\/wp-json\/wp\/v2\/product\/226","targetHints":{"allow":["GET"]}}],"collection":[{"href":"https:\/\/www.misdetallesdeboda.com\/detalles\/wp-json\/wp\/v2\/product"}],"about":[{"href":"https:\/\/www.misdetallesdeboda.com\/detalles\/wp-json\/wp\/v2\/types\/product"}],"wp:featuredmedia":[{"embeddable":true,"href":"https:\/\/www.misdetallesdeboda.com\/detalles\/wp-json\/wp\/v2\/media\/656"}],"wp:attachment":[{"href":"https:\/\/www.misdetallesdeboda.com\/detalles\/wp-json\/wp\/v2\/media?parent=226"}],"wp:term":[{"taxonomy":"product_brand","embeddable":true,"href":"https:\/\/www.misdetallesdeboda.com\/detalles\/wp-json\/wp\/v2\/product_brand?post=226"},{"taxonomy":"product_cat","embeddable":true,"href":"https:\/\/www.misdetallesdeboda.com\/detalles\/wp-json\/wp\/v2\/product_cat?post=226"},{"taxonomy":"product_tag","embeddable":true,"href":"https:\/\/www.misdetallesdeboda.com\/detalles\/wp-json\/wp\/v2\/product_tag?post=226"}],"curies":[{"name":"wp","href":"https:\/\/api.w.org\/{rel}","templated":true}]}}