{"id":2125,"date":"2015-04-23T22:04:33","date_gmt":"2015-04-23T22:04:33","guid":{"rendered":"http:\/\/www.misdetallesdeboda.com\/detalles\/?post_type=product&#038;p=2125"},"modified":"2023-02-27T17:19:17","modified_gmt":"2023-02-27T17:19:17","slug":"botellita-vino-dulce","status":"publish","type":"product","link":"https:\/\/www.misdetallesdeboda.com\/detalles\/producto\/botellita-vino-dulce\/","title":{"rendered":"Caja 24 botellas vino 18,7Cl"},"content":{"rendered":"<p>CAJA DE 24 BOTELLAS DE VINO MAYORAL COSECHA 187CL<\/p>\n<p>La unidad sale a 1,58\u20ac<\/p>\n<p>Este vino est\u00e1 elaborado exclusivamente con uvas de las variedades Monastrell previamente seleccionadas.<\/p>\n<p>El proceso de fermentaci\u00f3n se realiza en dep\u00f3sitos de acero inoxidable, bajo estricto control de temperatura.<\/p>\n<p>Mayoral Cosecha tiene un perfil de vino fresco, frutal y mediterr\u00e1neo.<\/p>\n<p>De color cereza madura, cubierto y muy brillante. En nariz tiene abundantes aromas primarios de fruta roja fresca, limpios y de calidad. Al degustarlo la sensaci\u00f3n que percibimos es de un vino redondo y carnoso, c\u00e1lido y agradable. Llena la boca sin asperezas y cierra con un final amplio y persistente.<\/p>\n<p>La temperatura recomendada de servicio de este Jumilla es entre 12 y 14\u00ba C.<\/p>\n<p>Aconsejamos acompa\u00f1ar Mayoral Cosecha con pat\u00e9s, ahumados, carnes y estofados de la cocina mediterr\u00e1nea.<\/p>\n","protected":false},"excerpt":{"rendered":"<p>CAJA DE 24 BOTELLAS DE VINO MAYORAL COSECHA 187CL La unidad sale a 1,58\u20ac Este vino est\u00e1 elaborado exclusivamente con uvas de las variedades Monastrell previamente seleccionadas. El proceso de fermentaci\u00f3n se realiza en dep\u00f3sitos [&hellip;]<\/p>\n","protected":false},"featured_media":11326,"template":"","meta":[],"product_brand":[],"product_cat":[28],"product_tag":[],"class_list":{"0":"post-2125","1":"product","2":"type-product","3":"status-publish","4":"has-post-thumbnail","6":"product_cat-vinos","7":"clearfix","9":"first","10":"outofstock","11":"shipping-taxable","12":"purchasable","13":"product-type-simple"},"_links":{"self":[{"href":"https:\/\/www.misdetallesdeboda.com\/detalles\/wp-json\/wp\/v2\/product\/2125","targetHints":{"allow":["GET"]}}],"collection":[{"href":"https:\/\/www.misdetallesdeboda.com\/detalles\/wp-json\/wp\/v2\/product"}],"about":[{"href":"https:\/\/www.misdetallesdeboda.com\/detalles\/wp-json\/wp\/v2\/types\/product"}],"wp:featuredmedia":[{"embeddable":true,"href":"https:\/\/www.misdetallesdeboda.com\/detalles\/wp-json\/wp\/v2\/media\/11326"}],"wp:attachment":[{"href":"https:\/\/www.misdetallesdeboda.com\/detalles\/wp-json\/wp\/v2\/media?parent=2125"}],"wp:term":[{"taxonomy":"product_brand","embeddable":true,"href":"https:\/\/www.misdetallesdeboda.com\/detalles\/wp-json\/wp\/v2\/product_brand?post=2125"},{"taxonomy":"product_cat","embeddable":true,"href":"https:\/\/www.misdetallesdeboda.com\/detalles\/wp-json\/wp\/v2\/product_cat?post=2125"},{"taxonomy":"product_tag","embeddable":true,"href":"https:\/\/www.misdetallesdeboda.com\/detalles\/wp-json\/wp\/v2\/product_tag?post=2125"}],"curies":[{"name":"wp","href":"https:\/\/api.w.org\/{rel}","templated":true}]}}