{"id":17932,"date":"2025-06-07T18:01:31","date_gmt":"2025-06-07T18:01:31","guid":{"rendered":"https:\/\/www.misdetallesdeboda.com\/detalles\/?post_type=product&#038;p=17932"},"modified":"2025-06-07T18:07:58","modified_gmt":"2025-06-07T18:07:58","slug":"tampografia-personalizada","status":"publish","type":"product","link":"https:\/\/www.misdetallesdeboda.com\/detalles\/producto\/tampografia-personalizada\/","title":{"rendered":"Grabaci\u00f3n personalizada en la varilla del abanico"},"content":{"rendered":"<p>Grabaci\u00f3n por tampografia en la primera varilla del abanico, para recuerdos personalizados.<\/p>\n<p>Grabaci\u00f3n de los nombres de los novios y la fecha de la boda <\/p>\n<p>Precio de impresi\u00f3n por abanico.<\/p>\n<p><strong>NO INCLUYE ABANICO, EL ABANICO DEBE SER COMPRADO A PARTE.<\/strong><\/p>\n<p>Grabaci\u00f3n de dos nombres y fecha como los ejemplos:<br \/>\nPatrcia &amp; David 13\/5\/2018<\/p>\n<p>1\u00aa Comuni\u00f3n Eva\u00a0 20\/06\/2018<\/p>\n<p>Bautizo Daniel 12\/10\/2018<\/p>\n<p>&nbsp;<\/p>\n<p>SOLO DISPONIBLE PARA LOS ABANICOS PERSONALIZADOS<\/p>\n<p>PEDIDO M\u00cdNIMO 25 UNIDADES<\/p>\n","protected":false},"excerpt":{"rendered":"<p>Grabaci\u00f3n por tampografia en la primera varilla del abanico, para recuerdos personalizados. Grabaci\u00f3n de los nombres de los novios y la fecha de la boda Precio de impresi\u00f3n por abanico. NO INCLUYE ABANICO, EL ABANICO [&hellip;]<\/p>\n","protected":false},"featured_media":11980,"template":"","meta":[],"product_brand":[],"product_cat":[18],"product_tag":[259],"class_list":{"0":"post-17932","1":"product","2":"type-product","3":"status-publish","4":"has-post-thumbnail","6":"product_cat-abanico_personalizado","7":"product_tag-detalles-personalizados","8":"clearfix","10":"first","11":"instock","12":"shipping-taxable","13":"purchasable","14":"product-type-simple"},"_links":{"self":[{"href":"https:\/\/www.misdetallesdeboda.com\/detalles\/wp-json\/wp\/v2\/product\/17932","targetHints":{"allow":["GET"]}}],"collection":[{"href":"https:\/\/www.misdetallesdeboda.com\/detalles\/wp-json\/wp\/v2\/product"}],"about":[{"href":"https:\/\/www.misdetallesdeboda.com\/detalles\/wp-json\/wp\/v2\/types\/product"}],"wp:featuredmedia":[{"embeddable":true,"href":"https:\/\/www.misdetallesdeboda.com\/detalles\/wp-json\/wp\/v2\/media\/11980"}],"wp:attachment":[{"href":"https:\/\/www.misdetallesdeboda.com\/detalles\/wp-json\/wp\/v2\/media?parent=17932"}],"wp:term":[{"taxonomy":"product_brand","embeddable":true,"href":"https:\/\/www.misdetallesdeboda.com\/detalles\/wp-json\/wp\/v2\/product_brand?post=17932"},{"taxonomy":"product_cat","embeddable":true,"href":"https:\/\/www.misdetallesdeboda.com\/detalles\/wp-json\/wp\/v2\/product_cat?post=17932"},{"taxonomy":"product_tag","embeddable":true,"href":"https:\/\/www.misdetallesdeboda.com\/detalles\/wp-json\/wp\/v2\/product_tag?post=17932"}],"curies":[{"name":"wp","href":"https:\/\/api.w.org\/{rel}","templated":true}]}}