{"id":17913,"date":"2025-05-21T19:49:27","date_gmt":"2025-05-21T19:49:27","guid":{"rendered":"https:\/\/www.misdetallesdeboda.com\/detalles\/?post_type=product&#038;p=17913"},"modified":"2025-05-21T19:51:31","modified_gmt":"2025-05-21T19:51:31","slug":"sobre-de-yute-blanco-varios-tamanos-con-tarjeta","status":"publish","type":"product","link":"https:\/\/www.misdetallesdeboda.com\/detalles\/producto\/sobre-de-yute-blanco-varios-tamanos-con-tarjeta\/","title":{"rendered":"Sobre de yute blanco varios tama\u00f1os con tarjeta"},"content":{"rendered":"<p>Precioso sobre de yute blanco ideal para presentar recuerdos de boda, bautizo y comuni\u00f3n como bisuter\u00eda, t\u00e9s, pulseras y espejos.<br \/>\ncosturas laterales remalladas<br \/>\nAcompa\u00f1a cord\u00f3n de yute para atar y tarjeta recordatoria personalizada con nombre de los novios y fecha<br \/>\nTama\u00f1os disponibles:<br \/>\n12cm x 12cm<br \/>\n14cm x 14cm<\/p>\n<p>&nbsp;<\/p>\n<p>Costuras remalladas, el tama\u00f1o del interior del sobre es aproximadamente 2cm menor debido al remallado<\/p>\n<p>&nbsp;<\/p>\n<p>Posibilidad de servir en otros tama\u00f1os, cons\u00faltenos<\/p>\n<p><strong>Pedido m\u00ednimo 20 unidades<\/strong><\/p>\n","protected":false},"excerpt":{"rendered":"<p>Precioso sobre de yute blanco ideal para presentar recuerdos de boda, bautizo y comuni\u00f3n como bisuter\u00eda, t\u00e9s, pulseras y espejos. costuras laterales remalladas Acompa\u00f1a cord\u00f3n de yute para atar y tarjeta recordatoria personalizada con nombre [&hellip;]<\/p>\n","protected":false},"featured_media":17916,"template":"","meta":[],"product_brand":[],"product_cat":[45],"product_tag":[207],"class_list":{"0":"post-17913","1":"product","2":"type-product","3":"status-publish","4":"has-post-thumbnail","6":"product_cat-bolsitas","7":"product_tag-boda-tematica-rustica","8":"clearfix","10":"first","11":"instock","12":"shipping-taxable","13":"purchasable","14":"product-type-variable"},"_links":{"self":[{"href":"https:\/\/www.misdetallesdeboda.com\/detalles\/wp-json\/wp\/v2\/product\/17913","targetHints":{"allow":["GET"]}}],"collection":[{"href":"https:\/\/www.misdetallesdeboda.com\/detalles\/wp-json\/wp\/v2\/product"}],"about":[{"href":"https:\/\/www.misdetallesdeboda.com\/detalles\/wp-json\/wp\/v2\/types\/product"}],"wp:featuredmedia":[{"embeddable":true,"href":"https:\/\/www.misdetallesdeboda.com\/detalles\/wp-json\/wp\/v2\/media\/17916"}],"wp:attachment":[{"href":"https:\/\/www.misdetallesdeboda.com\/detalles\/wp-json\/wp\/v2\/media?parent=17913"}],"wp:term":[{"taxonomy":"product_brand","embeddable":true,"href":"https:\/\/www.misdetallesdeboda.com\/detalles\/wp-json\/wp\/v2\/product_brand?post=17913"},{"taxonomy":"product_cat","embeddable":true,"href":"https:\/\/www.misdetallesdeboda.com\/detalles\/wp-json\/wp\/v2\/product_cat?post=17913"},{"taxonomy":"product_tag","embeddable":true,"href":"https:\/\/www.misdetallesdeboda.com\/detalles\/wp-json\/wp\/v2\/product_tag?post=17913"}],"curies":[{"name":"wp","href":"https:\/\/api.w.org\/{rel}","templated":true}]}}