{"id":167,"date":"2014-06-22T17:44:49","date_gmt":"2014-06-22T17:44:49","guid":{"rendered":"http:\/\/www.misdetallesdeboda.com\/detalles\/?post_type=product&#038;p=167"},"modified":"2023-03-06T18:23:55","modified_gmt":"2023-03-06T18:23:55","slug":"alfiler-hoja-olivo-plateada","status":"publish","type":"product","link":"https:\/\/www.misdetallesdeboda.com\/detalles\/producto\/alfiler-hoja-olivo-plateada\/","title":{"rendered":"Alfiler mu\u00f1ecas pasta con capuch\u00f3n"},"content":{"rendered":"<p>ALFILER MU\u00d1ECAS PASTA<\/p>\n<p>Original alfiler de mu\u00f1ecas de pasta ideal para cualquier tipo evento<\/p>\n<p>Se sirve surtido en los 2 modelos<\/p>\n<p>Incluye capuch\u00f3n.<\/p>\n<p>Medidas: 8cm altura<\/p>\n<p>Pedido m\u00ednimo 20 unidades.<\/p>\n","protected":false},"excerpt":{"rendered":"<p>ALFILER MU\u00d1ECAS PASTA Original alfiler de mu\u00f1ecas de pasta ideal para cualquier tipo evento Se sirve surtido en los 2 modelos Incluye capuch\u00f3n. Medidas: 8cm altura Pedido m\u00ednimo 20 unidades.<\/p>\n","protected":false},"featured_media":5568,"template":"","meta":[],"product_brand":[],"product_cat":[60],"product_tag":[],"class_list":{"0":"post-167","1":"product","2":"type-product","3":"status-publish","4":"has-post-thumbnail","6":"product_cat-alfiler_novia","7":"clearfix","9":"first","10":"outofstock","11":"shipping-taxable","12":"purchasable","13":"product-type-simple"},"_links":{"self":[{"href":"https:\/\/www.misdetallesdeboda.com\/detalles\/wp-json\/wp\/v2\/product\/167","targetHints":{"allow":["GET"]}}],"collection":[{"href":"https:\/\/www.misdetallesdeboda.com\/detalles\/wp-json\/wp\/v2\/product"}],"about":[{"href":"https:\/\/www.misdetallesdeboda.com\/detalles\/wp-json\/wp\/v2\/types\/product"}],"wp:featuredmedia":[{"embeddable":true,"href":"https:\/\/www.misdetallesdeboda.com\/detalles\/wp-json\/wp\/v2\/media\/5568"}],"wp:attachment":[{"href":"https:\/\/www.misdetallesdeboda.com\/detalles\/wp-json\/wp\/v2\/media?parent=167"}],"wp:term":[{"taxonomy":"product_brand","embeddable":true,"href":"https:\/\/www.misdetallesdeboda.com\/detalles\/wp-json\/wp\/v2\/product_brand?post=167"},{"taxonomy":"product_cat","embeddable":true,"href":"https:\/\/www.misdetallesdeboda.com\/detalles\/wp-json\/wp\/v2\/product_cat?post=167"},{"taxonomy":"product_tag","embeddable":true,"href":"https:\/\/www.misdetallesdeboda.com\/detalles\/wp-json\/wp\/v2\/product_tag?post=167"}],"curies":[{"name":"wp","href":"https:\/\/api.w.org\/{rel}","templated":true}]}}