{"id":151,"date":"2014-06-16T08:38:58","date_gmt":"2014-06-16T08:38:58","guid":{"rendered":"http:\/\/www.misdetallesdeboda.com\/detalles\/?product=toallita-corazon"},"modified":"2018-09-04T07:57:48","modified_gmt":"2018-09-04T07:57:48","slug":"toallita-corazon","status":"publish","type":"product","link":"https:\/\/www.misdetallesdeboda.com\/detalles\/producto\/toallita-corazon\/","title":{"rendered":"Toallita coraz\u00f3n recuerdo de boda"},"content":{"rendered":"<p>Graciosas toallitas presentadas en original decoraci\u00f3n en forma de pastel coraz\u00f3n.<br \/>\nColores surtidos<br \/>\nMedidas art\u00edculo:10 x 9,5 x 6,5 cm ; 2 Toallas 25 x 25 cm \/ 20 x 20 cm<br \/>\nPedido m\u00ednimo 15 unidades.<\/p>\n","protected":false},"excerpt":{"rendered":"<p>Graciosas toallitas presentadas en original decoraci\u00f3n en forma de pastel coraz\u00f3n. Colores surtidos Medidas art\u00edculo:10 x 9,5 x 6,5 cm ; 2 Toallas 25 x 25 cm \/ 20 x 20 cm Pedido m\u00ednimo 15 [&hellip;]<\/p>\n","protected":false},"featured_media":1226,"template":"","meta":[],"product_brand":[],"product_cat":[50],"product_tag":[],"class_list":{"0":"post-151","1":"product","2":"type-product","3":"status-publish","4":"has-post-thumbnail","6":"product_cat-plata","7":"clearfix","9":"first","10":"instock","11":"shipping-taxable","12":"purchasable","13":"product-type-simple"},"_links":{"self":[{"href":"https:\/\/www.misdetallesdeboda.com\/detalles\/wp-json\/wp\/v2\/product\/151","targetHints":{"allow":["GET"]}}],"collection":[{"href":"https:\/\/www.misdetallesdeboda.com\/detalles\/wp-json\/wp\/v2\/product"}],"about":[{"href":"https:\/\/www.misdetallesdeboda.com\/detalles\/wp-json\/wp\/v2\/types\/product"}],"wp:featuredmedia":[{"embeddable":true,"href":"https:\/\/www.misdetallesdeboda.com\/detalles\/wp-json\/wp\/v2\/media\/1226"}],"wp:attachment":[{"href":"https:\/\/www.misdetallesdeboda.com\/detalles\/wp-json\/wp\/v2\/media?parent=151"}],"wp:term":[{"taxonomy":"product_brand","embeddable":true,"href":"https:\/\/www.misdetallesdeboda.com\/detalles\/wp-json\/wp\/v2\/product_brand?post=151"},{"taxonomy":"product_cat","embeddable":true,"href":"https:\/\/www.misdetallesdeboda.com\/detalles\/wp-json\/wp\/v2\/product_cat?post=151"},{"taxonomy":"product_tag","embeddable":true,"href":"https:\/\/www.misdetallesdeboda.com\/detalles\/wp-json\/wp\/v2\/product_tag?post=151"}],"curies":[{"name":"wp","href":"https:\/\/api.w.org\/{rel}","templated":true}]}}