{"id":138,"date":"2014-06-25T15:17:52","date_gmt":"2014-06-25T15:17:52","guid":{"rendered":"http:\/\/www.misdetallesdeboda.com\/detalles\/?post_type=product&#038;p=138"},"modified":"2021-01-11T08:22:44","modified_gmt":"2021-01-11T08:22:44","slug":"set-2-posavasos-france","status":"publish","type":"product","link":"https:\/\/www.misdetallesdeboda.com\/detalles\/producto\/set-2-posavasos-france\/","title":{"rendered":"Set 2 posavasos con frase agradecimiento"},"content":{"rendered":"<p>SET 2 POSAVASOS CORCHO FRASES<\/p>\n<p>Lote de 2 posavasos de corcho con frase de agradecimiento. Un detalles \u00fanico y pr\u00e1ctico.<\/p>\n<p>Medidas: 10 cm<\/p>\n<p>Pedido m\u00ednimo 10 unidades.\u00a0<\/p>\n<p>Presentado en bolsita de celof\u00e1n transparente.<\/p>\n","protected":false},"excerpt":{"rendered":"<p>SET 2 POSAVASOS CORCHO FRASES Lote de 2 posavasos de corcho con frase de agradecimiento. Un detalles \u00fanico y pr\u00e1ctico. Medidas: 10 cm Pedido m\u00ednimo 10 unidades.\u00a0 Presentado en bolsita de celof\u00e1n transparente.<\/p>\n","protected":false},"featured_media":7525,"template":"","meta":[],"product_brand":[],"product_cat":[160],"product_tag":[],"class_list":{"0":"post-138","1":"product","2":"type-product","3":"status-publish","4":"has-post-thumbnail","6":"product_cat-posavasos","7":"clearfix","9":"first","10":"instock","11":"shipping-taxable","12":"purchasable","13":"product-type-simple"},"_links":{"self":[{"href":"https:\/\/www.misdetallesdeboda.com\/detalles\/wp-json\/wp\/v2\/product\/138","targetHints":{"allow":["GET"]}}],"collection":[{"href":"https:\/\/www.misdetallesdeboda.com\/detalles\/wp-json\/wp\/v2\/product"}],"about":[{"href":"https:\/\/www.misdetallesdeboda.com\/detalles\/wp-json\/wp\/v2\/types\/product"}],"wp:featuredmedia":[{"embeddable":true,"href":"https:\/\/www.misdetallesdeboda.com\/detalles\/wp-json\/wp\/v2\/media\/7525"}],"wp:attachment":[{"href":"https:\/\/www.misdetallesdeboda.com\/detalles\/wp-json\/wp\/v2\/media?parent=138"}],"wp:term":[{"taxonomy":"product_brand","embeddable":true,"href":"https:\/\/www.misdetallesdeboda.com\/detalles\/wp-json\/wp\/v2\/product_brand?post=138"},{"taxonomy":"product_cat","embeddable":true,"href":"https:\/\/www.misdetallesdeboda.com\/detalles\/wp-json\/wp\/v2\/product_cat?post=138"},{"taxonomy":"product_tag","embeddable":true,"href":"https:\/\/www.misdetallesdeboda.com\/detalles\/wp-json\/wp\/v2\/product_tag?post=138"}],"curies":[{"name":"wp","href":"https:\/\/api.w.org\/{rel}","templated":true}]}}