{"id":13795,"date":"2024-06-13T16:18:12","date_gmt":"2024-06-13T16:18:12","guid":{"rendered":"https:\/\/www.misdetallesdeboda.com\/detalles\/?post_type=product&#038;p=13795"},"modified":"2024-06-13T16:25:15","modified_gmt":"2024-06-13T16:25:15","slug":"arbol-de-algarrobo-con-saco-de-yute-y-corazon-de-terciopelo","status":"publish","type":"product","link":"https:\/\/www.misdetallesdeboda.com\/detalles\/producto\/arbol-de-algarrobo-con-saco-de-yute-y-corazon-de-terciopelo\/","title":{"rendered":"\u00c1rbol de algarrobo con saco de yute y coraz\u00f3n de terciopelo"},"content":{"rendered":"<p>\ud83c\udf3f Arbolitos de Algarrobo Decorados con Saco de Yute: El Detalle Perfecto para tus Celebraciones Especiales \ud83c\udf3f<br \/>\n\u00bfBuscas un detalle \u00fanico y memorable para tu boda, bautizo o comuni\u00f3n? Descubre nuestros encantadores arbolitos de algarrobo decorados con saco de yute, un regalo que simboliza vida, crecimiento y un futuro lleno de promesas.<\/p>\n<p>Por Qu\u00e9 Elegir Nuestros Arbolitos de Algarrobo:<br \/>\n\ud83c\udf31 Simb\u00f3licos y Significativos:<\/p>\n<p>Cada arbolito de algarrobo es una representaci\u00f3n de fortaleza y longevidad. Regala a tus invitados algo m\u00e1s que un recuerdo; dales un s\u00edmbolo de tu amor y compromiso duradero.<br \/>\n\ud83c\udf81 Presentaci\u00f3n Elegante:<\/p>\n<p>Nuestros arbolitos vienen decorados con un encantador saco de yute, a\u00f1adiendo un toque r\u00fastico y sofisticado a tu celebraci\u00f3n. Perfectamente atados con un lazo de rafia, son un detalle que cautivar\u00e1 a todos.<br \/>\n\u267b\ufe0f Sostenibilidad:<\/p>\n<p>Comprometidos con el medio ambiente, nuestros arbolitos de algarrobo no solo embellecen, sino que tambi\u00e9n contribuyen al bienestar del planeta. Es el regalo ideal para aquellos que valoran la ecolog\u00eda y la sostenibilidad.<br \/>\n\u2728 Versatilidad:<\/p>\n<p>Ideales para bodas, bautizos y comuniones, estos arbolitos son un detalle que encaja perfectamente en cualquier tipo de celebraci\u00f3n. Adem\u00e1s, pueden ser plantados posteriormente, convirti\u00e9ndose en un recuerdo vivo de tu d\u00eda especial.<br \/>\nPersonaliza tu Regalo:<br \/>\n\ud83d\udc8c Etiquetas Personalizadas:<\/p>\n<p>A\u00f1ade un toque personal con etiquetas personalizadas que incluyan tus nombres, la fecha del evento y un mensaje especial. \u00a1Haz que cada invitado se sienta \u00fanico!<\/p>\n<p>Con mucho cari\u00f1o ofrecemos estos arbolitos de algarrobo como alternativa ecol\u00f3gica para recuerdo de invitados.<\/p>\n<p>Producto nacional, aut\u00f3ctono y vivo.<\/p>\n<p>Desde nuestros colaboradores el vivero Punk Plants se est\u00e1 sembrando con mucho mimo y amor estos \u00e1rboles de algarrobo para recuerdo.<br \/>\nEl algarrobo es una especie aut\u00f3ctona, muy adaptado al clima mediterr\u00e1neo, prospera con poca agua y en pocos a\u00f1os nos regala sus frutos, fuente de vitaminas y un super alimento.<br \/>\nUn recuerdo vivo que har\u00e1n sus invitados acordarse por muchos a\u00f1os de este evento especial.<\/p>\n<p>Tama\u00f1o arbolito: aprox 15- 20cm.<\/p>\n<p>Decorado con saco de yute, lazo y coraz\u00f3n de terciopelo<\/p>\n<p>Con respeto y simbiosis con el medio, sin pesticidas ni herbicidas, nutridos con humus de lombriz.<\/p>\n<p>Pedido m\u00ednimo 10 unidades.<\/p>\n<p>Plazo de env\u00edo: los pedidos deben ser realizados como m\u00ednimo 15 d\u00edas de antelaci\u00f3n a la fecha del evento.<\/p>\n","protected":false},"excerpt":{"rendered":"<p>\ud83c\udf3f Arbolitos de Algarrobo Decorados con Saco de Yute: El Detalle Perfecto para tus Celebraciones Especiales \ud83c\udf3f \u00bfBuscas un detalle \u00fanico y memorable para tu boda, bautizo o comuni\u00f3n? Descubre nuestros encantadores arbolitos de algarrobo [&hellip;]<\/p>\n","protected":false},"featured_media":13790,"template":"","meta":[],"product_brand":[],"product_cat":[269],"product_tag":[],"class_list":{"0":"post-13795","1":"product","2":"type-product","3":"status-publish","4":"has-post-thumbnail","6":"product_cat-arbol-de-huellas","7":"clearfix","9":"first","10":"instock","11":"shipping-taxable","12":"purchasable","13":"product-type-simple"},"_links":{"self":[{"href":"https:\/\/www.misdetallesdeboda.com\/detalles\/wp-json\/wp\/v2\/product\/13795","targetHints":{"allow":["GET"]}}],"collection":[{"href":"https:\/\/www.misdetallesdeboda.com\/detalles\/wp-json\/wp\/v2\/product"}],"about":[{"href":"https:\/\/www.misdetallesdeboda.com\/detalles\/wp-json\/wp\/v2\/types\/product"}],"wp:featuredmedia":[{"embeddable":true,"href":"https:\/\/www.misdetallesdeboda.com\/detalles\/wp-json\/wp\/v2\/media\/13790"}],"wp:attachment":[{"href":"https:\/\/www.misdetallesdeboda.com\/detalles\/wp-json\/wp\/v2\/media?parent=13795"}],"wp:term":[{"taxonomy":"product_brand","embeddable":true,"href":"https:\/\/www.misdetallesdeboda.com\/detalles\/wp-json\/wp\/v2\/product_brand?post=13795"},{"taxonomy":"product_cat","embeddable":true,"href":"https:\/\/www.misdetallesdeboda.com\/detalles\/wp-json\/wp\/v2\/product_cat?post=13795"},{"taxonomy":"product_tag","embeddable":true,"href":"https:\/\/www.misdetallesdeboda.com\/detalles\/wp-json\/wp\/v2\/product_tag?post=13795"}],"curies":[{"name":"wp","href":"https:\/\/api.w.org\/{rel}","templated":true}]}}