{"id":13771,"date":"2024-06-03T17:27:00","date_gmt":"2024-06-03T17:27:00","guid":{"rendered":"https:\/\/www.misdetallesdeboda.com\/detalles\/?post_type=product&#038;p=13771"},"modified":"2024-06-13T16:15:35","modified_gmt":"2024-06-13T16:15:35","slug":"arbol-de-algarrobo-con-saco-de-yute-y-tarjeta-personalizada","status":"publish","type":"product","link":"https:\/\/www.misdetallesdeboda.com\/detalles\/producto\/arbol-de-algarrobo-con-saco-de-yute-y-tarjeta-personalizada\/","title":{"rendered":"\u00c1rbol de algarrobo con saco de yute y tarjeta personalizada"},"content":{"rendered":"<p>Con mucho cari\u00f1o ofrecemos estos arbolitos de algarrobo como alternativa ecol\u00f3gica para recuerdo de invitados.<\/p>\n<p>Producto nacional, aut\u00f3ctono y vivo.<\/p>\n<p>Desde nuestros colaboradores el vivero Punk Plants se est\u00e1 sembrando con mucho mimo y amor estos \u00e1rboles de algarrobo para recuerdo.<br \/>\nEl algarrobo es una especie aut\u00f3ctona, muy adaptado al clima mediterr\u00e1neo, prospera con poca agua y en pocos a\u00f1os nos regala sus frutos, fuente de vitaminas y un super alimento.<br \/>\nUn recuerdo vivo que har\u00e1n sus invitados acordarse por muchos a\u00f1os de este evento especial.<\/p>\n<p>Tama\u00f1o arbolito: aprox 20cm.<\/p>\n<p>Decorado con saco de yute lazo de cinta y tarjeta recordatoria personalizada.<\/p>\n<p>Con respeto y simbiosis con el medio, sin pesticidas ni herbicidas, nutridos con humus de lombriz.<\/p>\n<p>Pedido m\u00ednimo 10 unidades.<\/p>\n<p>Plazo de env\u00edo: los pedidos deben ser realizados como m\u00ednimo 15 d\u00edas de antelaci\u00f3n a la fecha del evento.<\/p>\n","protected":false},"excerpt":{"rendered":"<p>Con mucho cari\u00f1o ofrecemos estos arbolitos de algarrobo como alternativa ecol\u00f3gica para recuerdo de invitados. Producto nacional, aut\u00f3ctono y vivo. Desde nuestros colaboradores el vivero Punk Plants se est\u00e1 sembrando con mucho mimo y amor [&hellip;]<\/p>\n","protected":false},"featured_media":13786,"template":"","meta":[],"product_brand":[],"product_cat":[269],"product_tag":[],"class_list":{"0":"post-13771","1":"product","2":"type-product","3":"status-publish","4":"has-post-thumbnail","6":"product_cat-arbol-de-huellas","7":"clearfix","9":"first","10":"instock","11":"shipping-taxable","12":"purchasable","13":"product-type-simple"},"_links":{"self":[{"href":"https:\/\/www.misdetallesdeboda.com\/detalles\/wp-json\/wp\/v2\/product\/13771","targetHints":{"allow":["GET"]}}],"collection":[{"href":"https:\/\/www.misdetallesdeboda.com\/detalles\/wp-json\/wp\/v2\/product"}],"about":[{"href":"https:\/\/www.misdetallesdeboda.com\/detalles\/wp-json\/wp\/v2\/types\/product"}],"wp:featuredmedia":[{"embeddable":true,"href":"https:\/\/www.misdetallesdeboda.com\/detalles\/wp-json\/wp\/v2\/media\/13786"}],"wp:attachment":[{"href":"https:\/\/www.misdetallesdeboda.com\/detalles\/wp-json\/wp\/v2\/media?parent=13771"}],"wp:term":[{"taxonomy":"product_brand","embeddable":true,"href":"https:\/\/www.misdetallesdeboda.com\/detalles\/wp-json\/wp\/v2\/product_brand?post=13771"},{"taxonomy":"product_cat","embeddable":true,"href":"https:\/\/www.misdetallesdeboda.com\/detalles\/wp-json\/wp\/v2\/product_cat?post=13771"},{"taxonomy":"product_tag","embeddable":true,"href":"https:\/\/www.misdetallesdeboda.com\/detalles\/wp-json\/wp\/v2\/product_tag?post=13771"}],"curies":[{"name":"wp","href":"https:\/\/api.w.org\/{rel}","templated":true}]}}