{"id":13664,"date":"2024-04-11T17:03:48","date_gmt":"2024-04-11T17:03:48","guid":{"rendered":"https:\/\/www.misdetallesdeboda.com\/detalles\/?post_type=product&#038;p=13664"},"modified":"2024-04-11T17:11:49","modified_gmt":"2024-04-11T17:11:49","slug":"invitacion-boho-mas-sobre","status":"publish","type":"product","link":"https:\/\/www.misdetallesdeboda.com\/detalles\/producto\/invitacion-boho-mas-sobre\/","title":{"rendered":"Invitaci\u00f3n Boho m\u00e1s sobre personalizado"},"content":{"rendered":"<p>Invitaci\u00f3n personalizada modelo Boho en tono rosa claro.<\/p>\n<p>Se puede personalizar todos los textos de delante y de dentro<\/p>\n<p>Orientaci\u00f3n: Vertical<\/p>\n<p>Tipo de papel: Mate est\u00e1ndar<\/p>\n<p>Tama\u00f1o: 18,2 x 11,7 cm<\/p>\n<p>Pliegue: las tarjetas se env\u00edan sin plegar te llegar\u00e1n planas con una muesca en el centro para que te sea m\u00e1s f\u00e1cil doblarlas manualmente.<\/p>\n<p>En el precio incluye:<\/p>\n<p>\u2013 Personalizaci\u00f3n<\/p>\n<p>\u2013 Hasta 2 muestras digitales<\/p>\n<p>Pedido m\u00ednimo 30 unidades<\/p>\n","protected":false},"excerpt":{"rendered":"<p>Invitaci\u00f3n personalizada modelo Boho en tono rosa claro. Se puede personalizar todos los textos de delante y de dentro Orientaci\u00f3n: Vertical Tipo de papel: Mate est\u00e1ndar Tama\u00f1o: 18,2 x 11,7 cm Pliegue: las tarjetas se [&hellip;]<\/p>\n","protected":false},"featured_media":13666,"template":"","meta":[],"product_brand":[],"product_cat":[349],"product_tag":[],"class_list":{"0":"post-13664","1":"product","2":"type-product","3":"status-publish","4":"has-post-thumbnail","6":"product_cat-invitaciones","7":"clearfix","9":"first","10":"instock","11":"shipping-taxable","12":"purchasable","13":"product-type-simple"},"_links":{"self":[{"href":"https:\/\/www.misdetallesdeboda.com\/detalles\/wp-json\/wp\/v2\/product\/13664","targetHints":{"allow":["GET"]}}],"collection":[{"href":"https:\/\/www.misdetallesdeboda.com\/detalles\/wp-json\/wp\/v2\/product"}],"about":[{"href":"https:\/\/www.misdetallesdeboda.com\/detalles\/wp-json\/wp\/v2\/types\/product"}],"wp:featuredmedia":[{"embeddable":true,"href":"https:\/\/www.misdetallesdeboda.com\/detalles\/wp-json\/wp\/v2\/media\/13666"}],"wp:attachment":[{"href":"https:\/\/www.misdetallesdeboda.com\/detalles\/wp-json\/wp\/v2\/media?parent=13664"}],"wp:term":[{"taxonomy":"product_brand","embeddable":true,"href":"https:\/\/www.misdetallesdeboda.com\/detalles\/wp-json\/wp\/v2\/product_brand?post=13664"},{"taxonomy":"product_cat","embeddable":true,"href":"https:\/\/www.misdetallesdeboda.com\/detalles\/wp-json\/wp\/v2\/product_cat?post=13664"},{"taxonomy":"product_tag","embeddable":true,"href":"https:\/\/www.misdetallesdeboda.com\/detalles\/wp-json\/wp\/v2\/product_tag?post=13664"}],"curies":[{"name":"wp","href":"https:\/\/api.w.org\/{rel}","templated":true}]}}