{"id":13395,"date":"2023-12-01T17:07:33","date_gmt":"2023-12-01T17:07:33","guid":{"rendered":"http:\/\/www.misdetallesdeboda.com\/detalles\/?post_type=product&#038;p=13395"},"modified":"2024-06-22T10:13:37","modified_gmt":"2024-06-22T10:13:37","slug":"lote-30-conos-de-yute-para-petalos-zigzag","status":"publish","type":"product","link":"https:\/\/www.misdetallesdeboda.com\/detalles\/producto\/lote-30-conos-de-yute-para-petalos-zigzag\/","title":{"rendered":"Lote 30 conos de yute para p\u00e9talos zigzag"},"content":{"rendered":"<p>Unico lote disponible del producto.<\/p>\n<p>30 conos de yute r\u00edgido con bordes en zigzag para poner p\u00e9talos o arroz en las bodas.<\/p>\n<p>Un complemento muy \u00fatil para sus invitados a la hora de tirar el arroz o los p\u00e9talos en la puerta de la iglesia<\/p>\n<p>Medida 20cm<\/p>\n<p>Tiene un peque\u00f1o cord\u00f3n blanco atras para colgar<\/p>\n<p>La unidad sale a s\u00f3lo 0,66\u20ac<\/p>\n<p><strong>\u00a0<\/strong><\/p>\n","protected":false},"excerpt":{"rendered":"<p>Unico lote disponible del producto. 30 conos de yute r\u00edgido con bordes en zigzag para poner p\u00e9talos o arroz en las bodas. Un complemento muy \u00fatil para sus invitados a la hora de tirar el [&hellip;]<\/p>\n","protected":false},"featured_media":6525,"template":"","meta":[],"product_brand":[],"product_cat":[138,63],"product_tag":[],"class_list":{"0":"post-13395","1":"product","2":"type-product","3":"status-publish","4":"has-post-thumbnail","6":"product_cat-decoracion-de-yute","7":"product_cat-ofertas","8":"clearfix","10":"first","11":"outofstock","12":"shipping-taxable","13":"purchasable","14":"product-type-simple"},"_links":{"self":[{"href":"https:\/\/www.misdetallesdeboda.com\/detalles\/wp-json\/wp\/v2\/product\/13395","targetHints":{"allow":["GET"]}}],"collection":[{"href":"https:\/\/www.misdetallesdeboda.com\/detalles\/wp-json\/wp\/v2\/product"}],"about":[{"href":"https:\/\/www.misdetallesdeboda.com\/detalles\/wp-json\/wp\/v2\/types\/product"}],"wp:featuredmedia":[{"embeddable":true,"href":"https:\/\/www.misdetallesdeboda.com\/detalles\/wp-json\/wp\/v2\/media\/6525"}],"wp:attachment":[{"href":"https:\/\/www.misdetallesdeboda.com\/detalles\/wp-json\/wp\/v2\/media?parent=13395"}],"wp:term":[{"taxonomy":"product_brand","embeddable":true,"href":"https:\/\/www.misdetallesdeboda.com\/detalles\/wp-json\/wp\/v2\/product_brand?post=13395"},{"taxonomy":"product_cat","embeddable":true,"href":"https:\/\/www.misdetallesdeboda.com\/detalles\/wp-json\/wp\/v2\/product_cat?post=13395"},{"taxonomy":"product_tag","embeddable":true,"href":"https:\/\/www.misdetallesdeboda.com\/detalles\/wp-json\/wp\/v2\/product_tag?post=13395"}],"curies":[{"name":"wp","href":"https:\/\/api.w.org\/{rel}","templated":true}]}}