{"id":13186,"date":"2023-01-17T17:38:50","date_gmt":"2023-01-17T17:38:50","guid":{"rendered":"http:\/\/www.misdetallesdeboda.com\/detalles\/?post_type=product&#038;p=13186"},"modified":"2023-01-17T17:49:21","modified_gmt":"2023-01-17T17:49:21","slug":"kit-maceta-terracota","status":"publish","type":"product","link":"https:\/\/www.misdetallesdeboda.com\/detalles\/producto\/kit-maceta-terracota\/","title":{"rendered":"Kit maceta terracota con semillas de petunias"},"content":{"rendered":"<p>MACETA TERRACOTA CON SEMILLAS DE petunias<\/p>\n<p>Incluye Bolsa con semillas y tierra.<\/p>\n<p>Medidas Maceta: 6 cm de di\u00e1metro x 6 cm de alto<\/p>\n<p>Material TERRACOTA<\/p>\n<p>Viene presentado en caja de cart\u00f3n<\/p>\n<p>Incluye instrucciones en espa\u00f1ol e ingl\u00e9s.<\/p>\n<p>Pedido m\u00ednimo 10 unidades<\/p>\n","protected":false},"excerpt":{"rendered":"<p>MACETA TERRACOTA CON SEMILLAS DE petunias Incluye Bolsa con semillas y tierra. Medidas Maceta: 6 cm de di\u00e1metro x 6 cm de alto Material TERRACOTA Viene presentado en caja de cart\u00f3n Incluye instrucciones en espa\u00f1ol [&hellip;]<\/p>\n","protected":false},"featured_media":13191,"template":"","meta":[],"product_brand":[],"product_cat":[44],"product_tag":[207],"class_list":{"0":"post-13186","1":"product","2":"type-product","3":"status-publish","4":"has-post-thumbnail","6":"product_cat-detalles_ecologicos","7":"product_tag-boda-tematica-rustica","8":"clearfix","10":"first","11":"instock","12":"shipping-taxable","13":"purchasable","14":"product-type-simple"},"_links":{"self":[{"href":"https:\/\/www.misdetallesdeboda.com\/detalles\/wp-json\/wp\/v2\/product\/13186","targetHints":{"allow":["GET"]}}],"collection":[{"href":"https:\/\/www.misdetallesdeboda.com\/detalles\/wp-json\/wp\/v2\/product"}],"about":[{"href":"https:\/\/www.misdetallesdeboda.com\/detalles\/wp-json\/wp\/v2\/types\/product"}],"wp:featuredmedia":[{"embeddable":true,"href":"https:\/\/www.misdetallesdeboda.com\/detalles\/wp-json\/wp\/v2\/media\/13191"}],"wp:attachment":[{"href":"https:\/\/www.misdetallesdeboda.com\/detalles\/wp-json\/wp\/v2\/media?parent=13186"}],"wp:term":[{"taxonomy":"product_brand","embeddable":true,"href":"https:\/\/www.misdetallesdeboda.com\/detalles\/wp-json\/wp\/v2\/product_brand?post=13186"},{"taxonomy":"product_cat","embeddable":true,"href":"https:\/\/www.misdetallesdeboda.com\/detalles\/wp-json\/wp\/v2\/product_cat?post=13186"},{"taxonomy":"product_tag","embeddable":true,"href":"https:\/\/www.misdetallesdeboda.com\/detalles\/wp-json\/wp\/v2\/product_tag?post=13186"}],"curies":[{"name":"wp","href":"https:\/\/api.w.org\/{rel}","templated":true}]}}