{"id":13116,"date":"2022-08-10T17:53:19","date_gmt":"2022-08-10T17:53:19","guid":{"rendered":"http:\/\/www.misdetallesdeboda.com\/detalles\/?post_type=product&#038;p=13116"},"modified":"2024-02-18T14:37:17","modified_gmt":"2024-02-18T14:37:17","slug":"recuerdo-actual-comunion","status":"publish","type":"product","link":"https:\/\/www.misdetallesdeboda.com\/detalles\/producto\/recuerdo-actual-comunion\/","title":{"rendered":"Cascos inalambricos con orejas azul o rosa"},"content":{"rendered":"<p>Divertido recuerdo para ni\u00f1os novedad temporada 2024<\/p>\n<p>CASCOS AURICULARES BLUETOOTH CON OREJAS INAL\u00c1MBRICOS AZUL O ROSA+CAJA<\/p>\n<p>Incluye Caja de Regalo (Se env\u00eda desmontada)<\/p>\n<p>Medidas caja: 19 x 11 x 7 cm<\/p>\n<p>Pedido m\u00ednimo 10 unidades<\/p>\n","protected":false},"excerpt":{"rendered":"<p>Divertido recuerdo para ni\u00f1os novedad temporada 2024 CASCOS AURICULARES BLUETOOTH CON OREJAS INAL\u00c1MBRICOS AZUL O ROSA+CAJA Incluye Caja de Regalo (Se env\u00eda desmontada) Medidas caja: 19 x 11 x 7 cm Pedido m\u00ednimo 10 unidades<\/p>\n","protected":false},"featured_media":13455,"template":"","meta":[],"product_brand":[],"product_cat":[42],"product_tag":[],"class_list":{"0":"post-13116","1":"product","2":"type-product","3":"status-publish","4":"has-post-thumbnail","6":"product_cat-comunion","7":"clearfix","9":"first","10":"instock","11":"shipping-taxable","12":"purchasable","13":"product-type-variable"},"_links":{"self":[{"href":"https:\/\/www.misdetallesdeboda.com\/detalles\/wp-json\/wp\/v2\/product\/13116","targetHints":{"allow":["GET"]}}],"collection":[{"href":"https:\/\/www.misdetallesdeboda.com\/detalles\/wp-json\/wp\/v2\/product"}],"about":[{"href":"https:\/\/www.misdetallesdeboda.com\/detalles\/wp-json\/wp\/v2\/types\/product"}],"wp:featuredmedia":[{"embeddable":true,"href":"https:\/\/www.misdetallesdeboda.com\/detalles\/wp-json\/wp\/v2\/media\/13455"}],"wp:attachment":[{"href":"https:\/\/www.misdetallesdeboda.com\/detalles\/wp-json\/wp\/v2\/media?parent=13116"}],"wp:term":[{"taxonomy":"product_brand","embeddable":true,"href":"https:\/\/www.misdetallesdeboda.com\/detalles\/wp-json\/wp\/v2\/product_brand?post=13116"},{"taxonomy":"product_cat","embeddable":true,"href":"https:\/\/www.misdetallesdeboda.com\/detalles\/wp-json\/wp\/v2\/product_cat?post=13116"},{"taxonomy":"product_tag","embeddable":true,"href":"https:\/\/www.misdetallesdeboda.com\/detalles\/wp-json\/wp\/v2\/product_tag?post=13116"}],"curies":[{"name":"wp","href":"https:\/\/api.w.org\/{rel}","templated":true}]}}