{"id":11196,"date":"2020-01-24T18:27:08","date_gmt":"2020-01-24T18:27:08","guid":{"rendered":"http:\/\/www.misdetallesdeboda.com\/detalles\/?post_type=product&#038;p=11196"},"modified":"2024-02-18T15:26:39","modified_gmt":"2024-02-18T15:26:39","slug":"vaso-patrulla-canina-golosinas","status":"publish","type":"product","link":"https:\/\/www.misdetallesdeboda.com\/detalles\/producto\/vaso-patrulla-canina-golosinas\/","title":{"rendered":"Vaso Personajes + golosinas"},"content":{"rendered":"<p>Vaso de personajes con golosinas para recuerdo de comuni\u00f3n<\/p>\n<p><strong>Pedido m\u00ednimo 10 unidades<\/strong><\/p>\n<p>modelos disponibles : MIckey, Minnie, Dinosaurios, Spiderman, Unic\u00f3rnios<\/p>\n<p>Se sirve embalado en papel celof\u00e1n con lazo, como la foto \u00a1listo para entregar a los invitados!<\/p>\n<p>&nbsp;<\/p>\n<p>*Escribir modelo del vaso en el apartado de comentarios del pedido*<\/p>\n","protected":false},"excerpt":{"rendered":"<p>Vaso de personajes con golosinas para recuerdo de comuni\u00f3n Pedido m\u00ednimo 10 unidades modelos disponibles : MIckey, Minnie, Dinosaurios, Spiderman, Unic\u00f3rnios Se sirve embalado en papel celof\u00e1n con lazo, como la foto \u00a1listo para entregar [&hellip;]<\/p>\n","protected":false},"featured_media":13410,"template":"","meta":[],"product_brand":[],"product_cat":[166,42],"product_tag":[],"class_list":{"0":"post-11196","1":"product","2":"type-product","3":"status-publish","4":"has-post-thumbnail","6":"product_cat-cumpleanos","7":"product_cat-comunion","8":"clearfix","10":"first","11":"instock","12":"shipping-taxable","13":"purchasable","14":"product-type-simple"},"_links":{"self":[{"href":"https:\/\/www.misdetallesdeboda.com\/detalles\/wp-json\/wp\/v2\/product\/11196","targetHints":{"allow":["GET"]}}],"collection":[{"href":"https:\/\/www.misdetallesdeboda.com\/detalles\/wp-json\/wp\/v2\/product"}],"about":[{"href":"https:\/\/www.misdetallesdeboda.com\/detalles\/wp-json\/wp\/v2\/types\/product"}],"wp:featuredmedia":[{"embeddable":true,"href":"https:\/\/www.misdetallesdeboda.com\/detalles\/wp-json\/wp\/v2\/media\/13410"}],"wp:attachment":[{"href":"https:\/\/www.misdetallesdeboda.com\/detalles\/wp-json\/wp\/v2\/media?parent=11196"}],"wp:term":[{"taxonomy":"product_brand","embeddable":true,"href":"https:\/\/www.misdetallesdeboda.com\/detalles\/wp-json\/wp\/v2\/product_brand?post=11196"},{"taxonomy":"product_cat","embeddable":true,"href":"https:\/\/www.misdetallesdeboda.com\/detalles\/wp-json\/wp\/v2\/product_cat?post=11196"},{"taxonomy":"product_tag","embeddable":true,"href":"https:\/\/www.misdetallesdeboda.com\/detalles\/wp-json\/wp\/v2\/product_tag?post=11196"}],"curies":[{"name":"wp","href":"https:\/\/api.w.org\/{rel}","templated":true}]}}