{"id":11159,"date":"2020-01-16T18:29:34","date_gmt":"2020-01-16T18:29:34","guid":{"rendered":"http:\/\/www.misdetallesdeboda.com\/detalles\/?post_type=product&#038;p=11159"},"modified":"2023-12-11T11:44:04","modified_gmt":"2023-12-11T11:44:04","slug":"25-conos-decorados-con-hojas-de-olivo-naturales","status":"publish","type":"product","link":"https:\/\/www.misdetallesdeboda.com\/detalles\/producto\/25-conos-decorados-con-hojas-de-olivo-naturales\/","title":{"rendered":"Hojas de olivo frescas naturales"},"content":{"rendered":"<p>Hojas de olivo naturales para decoraci\u00f3n.<\/p>\n<p>Servimos en bolsas de 500grs., 1000grs.,\u00a0 1500grs. y 2000grs.<\/p>\n<p>Cada 500grs.\u00a0 puede llenar aproximadamente 20-30 conos peque\u00f1os.<\/p>\n<p>Elegir cantidad en bot\u00f3n desplegable.<\/p>\n<p>Foto de conos: sugerencia de presentaci\u00f3n<\/p>\n<p>Las hojas de olivo son frescas, sugerimos hacer el pedido lo m\u00e1s cerca posible de la fecha de la boda para que no se sequen demasiado aunque se pueden tirar tambi\u00e9n secas.<\/p>\n","protected":false},"excerpt":{"rendered":"<p>Hojas de olivo naturales para decoraci\u00f3n. Servimos en bolsas de 500grs., 1000grs.,\u00a0 1500grs. y 2000grs. Cada 500grs.\u00a0 puede llenar aproximadamente 20-30 conos peque\u00f1os. Elegir cantidad en bot\u00f3n desplegable. Foto de conos: sugerencia de presentaci\u00f3n Las [&hellip;]<\/p>\n","protected":false},"featured_media":13308,"template":"","meta":[],"product_brand":[],"product_cat":[138,44],"product_tag":[],"class_list":{"0":"post-11159","1":"product","2":"type-product","3":"status-publish","4":"has-post-thumbnail","6":"product_cat-decoracion-de-yute","7":"product_cat-detalles_ecologicos","8":"clearfix","10":"first","11":"instock","12":"shipping-taxable","13":"purchasable","14":"product-type-variable"},"_links":{"self":[{"href":"https:\/\/www.misdetallesdeboda.com\/detalles\/wp-json\/wp\/v2\/product\/11159","targetHints":{"allow":["GET"]}}],"collection":[{"href":"https:\/\/www.misdetallesdeboda.com\/detalles\/wp-json\/wp\/v2\/product"}],"about":[{"href":"https:\/\/www.misdetallesdeboda.com\/detalles\/wp-json\/wp\/v2\/types\/product"}],"wp:featuredmedia":[{"embeddable":true,"href":"https:\/\/www.misdetallesdeboda.com\/detalles\/wp-json\/wp\/v2\/media\/13308"}],"wp:attachment":[{"href":"https:\/\/www.misdetallesdeboda.com\/detalles\/wp-json\/wp\/v2\/media?parent=11159"}],"wp:term":[{"taxonomy":"product_brand","embeddable":true,"href":"https:\/\/www.misdetallesdeboda.com\/detalles\/wp-json\/wp\/v2\/product_brand?post=11159"},{"taxonomy":"product_cat","embeddable":true,"href":"https:\/\/www.misdetallesdeboda.com\/detalles\/wp-json\/wp\/v2\/product_cat?post=11159"},{"taxonomy":"product_tag","embeddable":true,"href":"https:\/\/www.misdetallesdeboda.com\/detalles\/wp-json\/wp\/v2\/product_tag?post=11159"}],"curies":[{"name":"wp","href":"https:\/\/api.w.org\/{rel}","templated":true}]}}