{"id":10729,"date":"2019-05-12T21:35:41","date_gmt":"2019-05-12T21:35:41","guid":{"rendered":"http:\/\/www.misdetallesdeboda.com\/detalles\/?post_type=product&#038;p=10729"},"modified":"2019-07-03T16:08:45","modified_gmt":"2019-07-03T16:08:45","slug":"lapiz-personalizado-en-embalaje-artesanal","status":"publish","type":"product","link":"https:\/\/www.misdetallesdeboda.com\/detalles\/producto\/lapiz-personalizado-en-embalaje-artesanal\/","title":{"rendered":"L\u00e1piz personalizado en embalaje artesanal"},"content":{"rendered":"<p>L\u00e1piz de madera con grabaci\u00f3n laser personalizada para recuerdo de boda, comuni\u00f3n o bautismo.<\/p>\n<p>Con bonito embalaje hecho con papel artesanal decorado con flores de papel<\/p>\n<p>El embalaje se sirve surtido de colores: beige, rojo y burdeo<\/p>\n<p>Con bolsita de celof\u00e1n transparente, listo para entregar a los invitados<\/p>\n<p>Grabaci\u00f3n de m\u00e1ximo 2 nombres y fecha<\/p>\n<p>Ejemplo: MATEO Y ANA 12.12.2019<\/p>\n<p>COMUNI\u00d3N PEDRO 20.06.19<\/p>\n<p>Pedido m\u00ednimo 20 unidades<\/p>\n<p>&nbsp;<\/p>\n","protected":false},"excerpt":{"rendered":"<p>L\u00e1piz de madera con grabaci\u00f3n laser personalizada para recuerdo de boda, comuni\u00f3n o bautismo. Con bonito embalaje hecho con papel artesanal decorado con flores de papel El embalaje se sirve surtido de colores: beige, rojo [&hellip;]<\/p>\n","protected":false},"featured_media":10732,"template":"","meta":[],"product_brand":[],"product_cat":[30,42],"product_tag":[],"class_list":{"0":"post-10729","1":"product","2":"type-product","3":"status-publish","4":"has-post-thumbnail","6":"product_cat-boligrafos","7":"product_cat-comunion","8":"clearfix","10":"first","11":"instock","12":"shipping-taxable","13":"purchasable","14":"product-type-simple"},"_links":{"self":[{"href":"https:\/\/www.misdetallesdeboda.com\/detalles\/wp-json\/wp\/v2\/product\/10729","targetHints":{"allow":["GET"]}}],"collection":[{"href":"https:\/\/www.misdetallesdeboda.com\/detalles\/wp-json\/wp\/v2\/product"}],"about":[{"href":"https:\/\/www.misdetallesdeboda.com\/detalles\/wp-json\/wp\/v2\/types\/product"}],"wp:featuredmedia":[{"embeddable":true,"href":"https:\/\/www.misdetallesdeboda.com\/detalles\/wp-json\/wp\/v2\/media\/10732"}],"wp:attachment":[{"href":"https:\/\/www.misdetallesdeboda.com\/detalles\/wp-json\/wp\/v2\/media?parent=10729"}],"wp:term":[{"taxonomy":"product_brand","embeddable":true,"href":"https:\/\/www.misdetallesdeboda.com\/detalles\/wp-json\/wp\/v2\/product_brand?post=10729"},{"taxonomy":"product_cat","embeddable":true,"href":"https:\/\/www.misdetallesdeboda.com\/detalles\/wp-json\/wp\/v2\/product_cat?post=10729"},{"taxonomy":"product_tag","embeddable":true,"href":"https:\/\/www.misdetallesdeboda.com\/detalles\/wp-json\/wp\/v2\/product_tag?post=10729"}],"curies":[{"name":"wp","href":"https:\/\/api.w.org\/{rel}","templated":true}]}}