{"id":10471,"date":"2019-03-12T10:22:49","date_gmt":"2019-03-12T10:22:49","guid":{"rendered":"http:\/\/www.misdetallesdeboda.com\/detalles\/?post_type=product&#038;p=10471"},"modified":"2024-01-02T18:44:58","modified_gmt":"2024-01-02T18:44:58","slug":"hucha-comunion-nino-o-nina","status":"publish","type":"product","link":"https:\/\/www.misdetallesdeboda.com\/detalles\/producto\/hucha-comunion-nino-o-nina\/","title":{"rendered":"Hucha comuni\u00f3n ni\u00f1o o ni\u00f1a"},"content":{"rendered":"<p>HUCHA DE MADERA COMUNI\u00d3N NI\u00d1A o NI\u00d1O<\/p>\n<p>Original y pr\u00e1ctica hucha de madera con dise\u00f1o infantil comuni\u00f3n, con frase \u00abMi primera comuni\u00f3n\u00bb en la parte delantera del cristal.<\/p>\n<p>Medidas: 15,5 x 15cm x 5cm fonfo.<\/p>\n<p>Presentado en caja de cart\u00f3n blanco con bolsa de burbujas.<\/p>\n<p>Pedido m\u00ednimo 10 unidades<\/p>\n","protected":false},"excerpt":{"rendered":"<p>HUCHA DE MADERA COMUNI\u00d3N NI\u00d1A o NI\u00d1O Original y pr\u00e1ctica hucha de madera con dise\u00f1o infantil comuni\u00f3n, con frase \u00abMi primera comuni\u00f3n\u00bb en la parte delantera del cristal. Medidas: 15,5 x 15cm x 5cm fonfo. [&hellip;]<\/p>\n","protected":false},"featured_media":10474,"template":"","meta":[],"product_brand":[],"product_cat":[158,42],"product_tag":[165,164,89],"class_list":{"0":"post-10471","1":"product","2":"type-product","3":"status-publish","4":"has-post-thumbnail","6":"product_cat-huchas","7":"product_cat-comunion","8":"product_tag-comunion-nina","9":"product_tag-comunion-nino","10":"product_tag-recuerdos-comunion","11":"clearfix","13":"first","14":"outofstock","15":"sale","16":"shipping-taxable","17":"purchasable","18":"product-type-simple"},"_links":{"self":[{"href":"https:\/\/www.misdetallesdeboda.com\/detalles\/wp-json\/wp\/v2\/product\/10471","targetHints":{"allow":["GET"]}}],"collection":[{"href":"https:\/\/www.misdetallesdeboda.com\/detalles\/wp-json\/wp\/v2\/product"}],"about":[{"href":"https:\/\/www.misdetallesdeboda.com\/detalles\/wp-json\/wp\/v2\/types\/product"}],"wp:featuredmedia":[{"embeddable":true,"href":"https:\/\/www.misdetallesdeboda.com\/detalles\/wp-json\/wp\/v2\/media\/10474"}],"wp:attachment":[{"href":"https:\/\/www.misdetallesdeboda.com\/detalles\/wp-json\/wp\/v2\/media?parent=10471"}],"wp:term":[{"taxonomy":"product_brand","embeddable":true,"href":"https:\/\/www.misdetallesdeboda.com\/detalles\/wp-json\/wp\/v2\/product_brand?post=10471"},{"taxonomy":"product_cat","embeddable":true,"href":"https:\/\/www.misdetallesdeboda.com\/detalles\/wp-json\/wp\/v2\/product_cat?post=10471"},{"taxonomy":"product_tag","embeddable":true,"href":"https:\/\/www.misdetallesdeboda.com\/detalles\/wp-json\/wp\/v2\/product_tag?post=10471"}],"curies":[{"name":"wp","href":"https:\/\/api.w.org\/{rel}","templated":true}]}}