{"id":10381,"date":"2019-03-11T15:57:24","date_gmt":"2019-03-11T15:57:24","guid":{"rendered":"http:\/\/www.misdetallesdeboda.com\/detalles\/producto\/jarra-con-tapon-y-cana-emoticonos-recuerdo-primera-comunion\/"},"modified":"2023-05-04T17:20:57","modified_gmt":"2023-05-04T17:20:57","slug":"jarra-con-tapon-y-cana-emoticonos-recuerdo-primera-comunion","status":"publish","type":"product","link":"https:\/\/www.misdetallesdeboda.com\/detalles\/producto\/jarra-con-tapon-y-cana-emoticonos-recuerdo-primera-comunion\/","title":{"rendered":"Jarra con tap\u00f3n y ca\u00f1a emoticonos recuerdo Primera Comuni\u00f3n"},"content":{"rendered":"<p>Jarra de cristal con dise\u00f1os de emoticonos infantiles.<\/p>\n<p>Se sirven surtidas en tres colores. Viene a juego la ca\u00f1a de PVC y la tapa met\u00e1lica con estampado de carita de emoticono<br \/>\nMedidas: 13,5cm altura x 7cm di\u00e1metro x 9,5cm ancho hasta el asa.<\/p>\n<p>Sugerencia de presentaci\u00f3n llenar la jarra con caramelos y dulces<br \/>\nMedidas ca\u00f1a: 23cm largo.<br \/>\nPRESENTADA EN  CAJA DE CART\u00d3N INDIVIDUAL<br \/>\n450ml<\/p>\n<p><strong>Pedido m\u00ednimo 10 unidades<\/strong><\/p>\n","protected":false},"excerpt":{"rendered":"<p>Jarra de cristal con dise\u00f1os de emoticonos infantiles. Se sirven surtidas en tres colores. Viene a juego la ca\u00f1a de PVC y la tapa met\u00e1lica con estampado de carita de emoticono Medidas: 13,5cm altura x [&hellip;]<\/p>\n","protected":false},"featured_media":10386,"template":"","meta":[],"product_brand":[],"product_cat":[46,42],"product_tag":[258],"class_list":{"0":"post-10381","1":"product","2":"type-product","3":"status-publish","4":"has-post-thumbnail","6":"product_cat-jarras-boda","7":"product_cat-comunion","8":"product_tag-detalle-emoticonos","9":"clearfix","11":"first","12":"outofstock","13":"shipping-taxable","14":"purchasable","15":"product-type-simple"},"_links":{"self":[{"href":"https:\/\/www.misdetallesdeboda.com\/detalles\/wp-json\/wp\/v2\/product\/10381","targetHints":{"allow":["GET"]}}],"collection":[{"href":"https:\/\/www.misdetallesdeboda.com\/detalles\/wp-json\/wp\/v2\/product"}],"about":[{"href":"https:\/\/www.misdetallesdeboda.com\/detalles\/wp-json\/wp\/v2\/types\/product"}],"wp:featuredmedia":[{"embeddable":true,"href":"https:\/\/www.misdetallesdeboda.com\/detalles\/wp-json\/wp\/v2\/media\/10386"}],"wp:attachment":[{"href":"https:\/\/www.misdetallesdeboda.com\/detalles\/wp-json\/wp\/v2\/media?parent=10381"}],"wp:term":[{"taxonomy":"product_brand","embeddable":true,"href":"https:\/\/www.misdetallesdeboda.com\/detalles\/wp-json\/wp\/v2\/product_brand?post=10381"},{"taxonomy":"product_cat","embeddable":true,"href":"https:\/\/www.misdetallesdeboda.com\/detalles\/wp-json\/wp\/v2\/product_cat?post=10381"},{"taxonomy":"product_tag","embeddable":true,"href":"https:\/\/www.misdetallesdeboda.com\/detalles\/wp-json\/wp\/v2\/product_tag?post=10381"}],"curies":[{"name":"wp","href":"https:\/\/api.w.org\/{rel}","templated":true}]}}