{"id":10221,"date":"2019-02-27T15:20:27","date_gmt":"2019-02-27T15:20:27","guid":{"rendered":"http:\/\/www.misdetallesdeboda.com\/detalles\/?post_type=product&#038;p=10221"},"modified":"2024-05-02T10:42:50","modified_gmt":"2024-05-02T10:42:50","slug":"recuerdo-comunion-taza","status":"publish","type":"product","link":"https:\/\/www.misdetallesdeboda.com\/detalles\/producto\/recuerdo-comunion-taza\/","title":{"rendered":"Brocheta nubes con chapa comuni\u00f3n"},"content":{"rendered":"<p>BROCHETA DE GOLOSINAS CON CHAPA ALFILER<br \/>\ndisponible para ni\u00f1a morena o rubia y ni\u00f1o con chaqueta azul o blanca<br \/>\nChapa 58MM<br \/>\nPeso APROX. 50 GR.<\/p>\n<p>Pedido m\u00ednimo 10 unidades<\/p>\n","protected":false},"excerpt":{"rendered":"<p>BROCHETA DE GOLOSINAS CON CHAPA ALFILER disponible para ni\u00f1a morena o rubia y ni\u00f1o con chaqueta azul o blanca Chapa 58MM Peso APROX. 50 GR. Pedido m\u00ednimo 10 unidades<\/p>\n","protected":false},"featured_media":13692,"template":"","meta":[],"product_brand":[],"product_cat":[166],"product_tag":[],"class_list":{"0":"post-10221","1":"product","2":"type-product","3":"status-publish","4":"has-post-thumbnail","6":"product_cat-cumpleanos","7":"clearfix","9":"first","10":"instock","11":"shipping-taxable","12":"purchasable","13":"product-type-simple"},"_links":{"self":[{"href":"https:\/\/www.misdetallesdeboda.com\/detalles\/wp-json\/wp\/v2\/product\/10221","targetHints":{"allow":["GET"]}}],"collection":[{"href":"https:\/\/www.misdetallesdeboda.com\/detalles\/wp-json\/wp\/v2\/product"}],"about":[{"href":"https:\/\/www.misdetallesdeboda.com\/detalles\/wp-json\/wp\/v2\/types\/product"}],"wp:featuredmedia":[{"embeddable":true,"href":"https:\/\/www.misdetallesdeboda.com\/detalles\/wp-json\/wp\/v2\/media\/13692"}],"wp:attachment":[{"href":"https:\/\/www.misdetallesdeboda.com\/detalles\/wp-json\/wp\/v2\/media?parent=10221"}],"wp:term":[{"taxonomy":"product_brand","embeddable":true,"href":"https:\/\/www.misdetallesdeboda.com\/detalles\/wp-json\/wp\/v2\/product_brand?post=10221"},{"taxonomy":"product_cat","embeddable":true,"href":"https:\/\/www.misdetallesdeboda.com\/detalles\/wp-json\/wp\/v2\/product_cat?post=10221"},{"taxonomy":"product_tag","embeddable":true,"href":"https:\/\/www.misdetallesdeboda.com\/detalles\/wp-json\/wp\/v2\/product_tag?post=10221"}],"curies":[{"name":"wp","href":"https:\/\/api.w.org\/{rel}","templated":true}]}}